{"id":13507,"date":"2024-08-13T09:09:49","date_gmt":"2024-08-13T07:09:49","guid":{"rendered":"https:\/\/documentauniversitaria.store\/politica-de-reembolsos-y-devoluciones\/"},"modified":"2025-04-25T08:02:56","modified_gmt":"2025-04-25T06:02:56","slug":"politica-de-reembolsos-y-devoluciones","status":"publish","type":"page","link":"https:\/\/documentauniversitaria.store\/es\/politica-de-reembolsos-y-devoluciones\/","title":{"rendered":"Pol\u00edtica de reembolsos y devoluciones"},"content":{"rendered":"\t\t<div data-elementor-type=\"wp-page\" data-elementor-id=\"13507\" class=\"elementor elementor-13507 elementor-14\" data-elementor-post-type=\"page\">\n\t\t\t\t<div class=\"elementor-element elementor-element-77ab07e1 e-flex e-con-boxed e-con e-parent\" data-id=\"77ab07e1\" data-element_type=\"container\" data-e-type=\"container\">\n\t\t\t\t\t<div class=\"e-con-inner\">\n\t\t\t\t<div class=\"elementor-element elementor-element-5c89820 elementor-widget elementor-widget-spacer\" data-id=\"5c89820\" data-element_type=\"widget\" data-e-type=\"widget\" data-widget_type=\"spacer.default\">\n\t\t\t\t<div class=\"elementor-widget-container\">\n\t\t\t\t\t\t\t<div class=\"elementor-spacer\">\n\t\t\t<div class=\"elementor-spacer-inner\"><\/div>\n\t\t<\/div>\n\t\t\t\t\t\t<\/div>\n\t\t\t\t<\/div>\n\t\t\t\t<div class=\"elementor-element elementor-element-e1ab277 elementor-widget elementor-widget-heading\" data-id=\"e1ab277\" data-element_type=\"widget\" data-e-type=\"widget\" data-widget_type=\"heading.default\">\n\t\t\t\t<div class=\"elementor-widget-container\">\n\t\t\t\t\t<h2 class=\"elementor-heading-title elementor-size-default\">Pol\u00edtica de reembolsos y devoluciones<\/h2>\t\t\t\t<\/div>\n\t\t\t\t<\/div>\n\t\t\t\t<div class=\"elementor-element elementor-element-8b3c52a elementor-widget elementor-widget-text-editor\" data-id=\"8b3c52a\" data-element_type=\"widget\" data-e-type=\"widget\" data-widget_type=\"text-editor.default\">\n\t\t\t\t<div class=\"elementor-widget-container\">\n\t\t\t\t\t\t\t\t\t\n<p><strong>Entregas<\/strong><\/p>\n<p>El transporte de los art\u00edculos comprados se efectuar\u00e1 a trav\u00e9s del servicio contratado por Edicions a Petici\u00f3. El plazo de entrega est\u00e1 establecido en 48 horas laborables desde la salida de nuestras instalaciones. De lo contrario contacte con nosotros a info@ediconsapeticio.com. Para evitar incidencias en la entrega (direcciones err\u00f3neas, etc.), es indispensable complementar correctamente los datos del formulario en nuestra tienda, incluyendo el n\u00famero de tel\u00e9fono de contacto.   <\/p>\n<p>Si el mensajero no encuentra a nadie en el punto de entrega, dejar\u00e1 un papel o bien avisar\u00e1 al interesado o Ediciones A Petici\u00f3n se pondr\u00e1 en contacto con ellas para acordar una nueva entrega<\/p>\n<p>Hay que tener en cuenta que una vez realizado el pedido, no se puede cambiar la direcci\u00f3n de entrega.<\/p>\n<p>El precio del env\u00edo se calcula autom\u00e1ticamente en funci\u00f3n del destino y volumen de la mercanc\u00eda a enviar. El precio exacto del transporte se calcular\u00e1 al introducir el producto en el carrito cada art\u00edculo y figurar\u00e1 en la p\u00e1gina antes de confirmar la compra y antes de realizar el pago <\/p>\n<p>Para env\u00edos a Baleares, Ceuta, Melilla, Canarias y en cualquier punto fuera del estado espa\u00f1ol, contactar antes con Ediciones A Petici\u00f3n a trav\u00e9s de la direcci\u00f3n electr\u00f3nica comandes@edicionsapeticio.com<\/p>\n<p><strong>Devoluciones<\/strong><\/p>\n<p>Para realizar la devoluci\u00f3n de cualquier producto se dispone de un m\u00e1ximo de 7 d\u00edas despu\u00e9s del recibimiento del paquete. Los costes de env\u00edo s\u00f3lo se devolver\u00e1n en caso de error inicial en el env\u00edo (p. ex falta de producto, etc) <\/p>\n<p>Los productos devueltos son responsabilidad del destinatario hasta que lleguen a las instalaciones de Edicions A Petici\u00f3. Por favor, aseg\u00farese de empaquetar correctamente la mercanc\u00eda para evitar desperfectos. <\/p>\n<p>En el caso improbable de que desee realizar una devoluci\u00f3n, contactar con comandes@edicionsapeticio.com<\/p>\n\t\t\t\t\t\t\t\t<\/div>\n\t\t\t\t<\/div>\n\t\t\t\t<div class=\"elementor-element elementor-element-1885f52 elementor-widget elementor-widget-spacer\" data-id=\"1885f52\" data-element_type=\"widget\" data-e-type=\"widget\" data-widget_type=\"spacer.default\">\n\t\t\t\t<div class=\"elementor-widget-container\">\n\t\t\t\t\t\t\t<div class=\"elementor-spacer\">\n\t\t\t<div class=\"elementor-spacer-inner\"><\/div>\n\t\t<\/div>\n\t\t\t\t\t\t<\/div>\n\t\t\t\t<\/div>\n\t\t\t\t\t<\/div>\n\t\t\t\t<\/div>\n\t\t\t\t<\/div>\n\t\t","protected":false},"excerpt":{"rendered":"<p>Pol\u00edtica de reembolsos y devoluciones Entregas El transporte de los art\u00edculos comprados se efectuar\u00e1 a trav\u00e9s del servicio contratado por Edicions a Petici\u00f3. El plazo de entrega est\u00e1 establecido en 48 horas laborables desde la salida de nuestras instalaciones. De lo contrario contacte con nosotros a info@ediconsapeticio.com. Para evitar incidencias en la entrega (direcciones err\u00f3neas, [&hellip;]<\/p>\n","protected":false},"author":1,"featured_media":48,"parent":0,"menu_order":0,"comment_status":"closed","ping_status":"closed","template":"elementor_header_footer","meta":{"footnotes":""},"class_list":["post-13507","page","type-page","status-publish","has-post-thumbnail","hentry"],"yoast_head":"<!-- This site is optimized with the Yoast SEO plugin v27.5 - https:\/\/yoast.com\/product\/yoast-seo-wordpress\/ -->\n<title>Pol\u00edtica de reembolsos y devoluciones - Documenta Universitaria<\/title>\n<meta name=\"description\" content=\"Pol\u00edtica reembolsos y devoluciones Documenta Universitaria: plazos, condiciones, env\u00edos, incidencias y contacto por reclamaciones.\" \/>\n<meta name=\"robots\" content=\"index, follow, max-snippet:-1, max-image-preview:large, max-video-preview:-1\" \/>\n<link rel=\"canonical\" href=\"https:\/\/documentauniversitaria.store\/es\/politica-de-reembolsos-y-devoluciones\/\" \/>\n<meta property=\"og:locale\" content=\"es_ES\" \/>\n<meta property=\"og:type\" content=\"article\" \/>\n<meta property=\"og:title\" content=\"Pol\u00edtica de reembolsos y devoluciones - Documenta Universitaria\" \/>\n<meta property=\"og:description\" content=\"Pol\u00edtica reembolsos y devoluciones Documenta Universitaria: plazos, condiciones, env\u00edos, incidencias y contacto por reclamaciones.\" \/>\n<meta property=\"og:url\" content=\"https:\/\/documentauniversitaria.store\/es\/politica-de-reembolsos-y-devoluciones\/\" \/>\n<meta property=\"og:site_name\" content=\"Documenta Universitaria\" \/>\n<meta property=\"article:modified_time\" content=\"2025-04-25T06:02:56+00:00\" \/>\n<meta property=\"og:image\" content=\"https:\/\/documentauniversitaria.store\/wp-content\/uploads\/2024\/07\/documenta-universitaria-simbol.webp\" \/>\n\t<meta property=\"og:image:width\" content=\"247\" \/>\n\t<meta property=\"og:image:height\" content=\"247\" \/>\n\t<meta property=\"og:image:type\" content=\"image\/webp\" \/>\n<meta name=\"twitter:card\" content=\"summary_large_image\" \/>\n<meta name=\"twitter:label1\" content=\"Tiempo de lectura\" \/>\n\t<meta name=\"twitter:data1\" content=\"2 minutos\" \/>\n<script type=\"application\/ld+json\" class=\"yoast-schema-graph\">{\"@context\":\"https:\\\/\\\/schema.org\",\"@graph\":[{\"@type\":\"WebPage\",\"@id\":\"https:\\\/\\\/documentauniversitaria.store\\\/es\\\/politica-de-reembolsos-y-devoluciones\\\/\",\"url\":\"https:\\\/\\\/documentauniversitaria.store\\\/es\\\/politica-de-reembolsos-y-devoluciones\\\/\",\"name\":\"Pol\u00edtica de reembolsos y devoluciones - Documenta Universitaria\",\"isPartOf\":{\"@id\":\"https:\\\/\\\/documentauniversitaria.store\\\/es\\\/#website\"},\"primaryImageOfPage\":{\"@id\":\"https:\\\/\\\/documentauniversitaria.store\\\/es\\\/politica-de-reembolsos-y-devoluciones\\\/#primaryimage\"},\"image\":{\"@id\":\"https:\\\/\\\/documentauniversitaria.store\\\/es\\\/politica-de-reembolsos-y-devoluciones\\\/#primaryimage\"},\"thumbnailUrl\":\"https:\\\/\\\/documentauniversitaria.store\\\/wp-content\\\/uploads\\\/2024\\\/07\\\/documenta-universitaria-simbol.webp\",\"datePublished\":\"2024-08-13T07:09:49+00:00\",\"dateModified\":\"2025-04-25T06:02:56+00:00\",\"description\":\"Pol\u00edtica reembolsos y devoluciones Documenta Universitaria: plazos, condiciones, env\u00edos, incidencias y contacto por reclamaciones.\",\"breadcrumb\":{\"@id\":\"https:\\\/\\\/documentauniversitaria.store\\\/es\\\/politica-de-reembolsos-y-devoluciones\\\/#breadcrumb\"},\"inLanguage\":\"es\",\"potentialAction\":[{\"@type\":\"ReadAction\",\"target\":[\"https:\\\/\\\/documentauniversitaria.store\\\/es\\\/politica-de-reembolsos-y-devoluciones\\\/\"]}]},{\"@type\":\"ImageObject\",\"inLanguage\":\"es\",\"@id\":\"https:\\\/\\\/documentauniversitaria.store\\\/es\\\/politica-de-reembolsos-y-devoluciones\\\/#primaryimage\",\"url\":\"https:\\\/\\\/documentauniversitaria.store\\\/wp-content\\\/uploads\\\/2024\\\/07\\\/documenta-universitaria-simbol.webp\",\"contentUrl\":\"https:\\\/\\\/documentauniversitaria.store\\\/wp-content\\\/uploads\\\/2024\\\/07\\\/documenta-universitaria-simbol.webp\",\"width\":247,\"height\":247,\"caption\":\"Anagrama de la marca Documenta Universitaria\"},{\"@type\":\"BreadcrumbList\",\"@id\":\"https:\\\/\\\/documentauniversitaria.store\\\/es\\\/politica-de-reembolsos-y-devoluciones\\\/#breadcrumb\",\"itemListElement\":[{\"@type\":\"ListItem\",\"position\":1,\"name\":\"Inici\",\"item\":\"https:\\\/\\\/documentauniversitaria.store\\\/es\\\/la-editorial\\\/\"},{\"@type\":\"ListItem\",\"position\":2,\"name\":\"Pol\u00edtica de reembolsos y devoluciones\"}]},{\"@type\":\"WebSite\",\"@id\":\"https:\\\/\\\/documentauniversitaria.store\\\/es\\\/#website\",\"url\":\"https:\\\/\\\/documentauniversitaria.store\\\/es\\\/\",\"name\":\"Documenta Universitaria\",\"description\":\"Publicaci\u00f3 de texts acad\u00e8mics\",\"publisher\":{\"@id\":\"https:\\\/\\\/documentauniversitaria.store\\\/es\\\/#organization\"},\"potentialAction\":[{\"@type\":\"SearchAction\",\"target\":{\"@type\":\"EntryPoint\",\"urlTemplate\":\"https:\\\/\\\/documentauniversitaria.store\\\/es\\\/?s={search_term_string}\"},\"query-input\":{\"@type\":\"PropertyValueSpecification\",\"valueRequired\":true,\"valueName\":\"search_term_string\"}}],\"inLanguage\":\"es\"},{\"@type\":\"Organization\",\"@id\":\"https:\\\/\\\/documentauniversitaria.store\\\/es\\\/#organization\",\"name\":\"Documenta Universitaria\",\"url\":\"https:\\\/\\\/documentauniversitaria.store\\\/es\\\/\",\"logo\":{\"@type\":\"ImageObject\",\"inLanguage\":\"es\",\"@id\":\"https:\\\/\\\/documentauniversitaria.store\\\/es\\\/#\\\/schema\\\/logo\\\/image\\\/\",\"url\":\"https:\\\/\\\/documentauniversitaria.store\\\/wp-content\\\/uploads\\\/2024\\\/08\\\/documenta-universitaria-simbol-2.webp\",\"contentUrl\":\"https:\\\/\\\/documentauniversitaria.store\\\/wp-content\\\/uploads\\\/2024\\\/08\\\/documenta-universitaria-simbol-2.webp\",\"width\":180,\"height\":180,\"caption\":\"Documenta Universitaria\"},\"image\":{\"@id\":\"https:\\\/\\\/documentauniversitaria.store\\\/es\\\/#\\\/schema\\\/logo\\\/image\\\/\"}}]}<\/script>\n<!-- \/ Yoast SEO plugin. -->","yoast_head_json":{"title":"Pol\u00edtica de reembolsos y devoluciones - Documenta Universitaria","description":"Pol\u00edtica reembolsos y devoluciones Documenta Universitaria: plazos, condiciones, env\u00edos, incidencias y contacto por reclamaciones.","robots":{"index":"index","follow":"follow","max-snippet":"max-snippet:-1","max-image-preview":"max-image-preview:large","max-video-preview":"max-video-preview:-1"},"canonical":"https:\/\/documentauniversitaria.store\/es\/politica-de-reembolsos-y-devoluciones\/","og_locale":"es_ES","og_type":"article","og_title":"Pol\u00edtica de reembolsos y devoluciones - Documenta Universitaria","og_description":"Pol\u00edtica reembolsos y devoluciones Documenta Universitaria: plazos, condiciones, env\u00edos, incidencias y contacto por reclamaciones.","og_url":"https:\/\/documentauniversitaria.store\/es\/politica-de-reembolsos-y-devoluciones\/","og_site_name":"Documenta Universitaria","article_modified_time":"2025-04-25T06:02:56+00:00","og_image":[{"width":247,"height":247,"url":"https:\/\/documentauniversitaria.store\/wp-content\/uploads\/2024\/07\/documenta-universitaria-simbol.webp","type":"image\/webp"}],"twitter_card":"summary_large_image","twitter_misc":{"Tiempo de lectura":"2 minutos"},"schema":{"@context":"https:\/\/schema.org","@graph":[{"@type":"WebPage","@id":"https:\/\/documentauniversitaria.store\/es\/politica-de-reembolsos-y-devoluciones\/","url":"https:\/\/documentauniversitaria.store\/es\/politica-de-reembolsos-y-devoluciones\/","name":"Pol\u00edtica de reembolsos y devoluciones - Documenta Universitaria","isPartOf":{"@id":"https:\/\/documentauniversitaria.store\/es\/#website"},"primaryImageOfPage":{"@id":"https:\/\/documentauniversitaria.store\/es\/politica-de-reembolsos-y-devoluciones\/#primaryimage"},"image":{"@id":"https:\/\/documentauniversitaria.store\/es\/politica-de-reembolsos-y-devoluciones\/#primaryimage"},"thumbnailUrl":"https:\/\/documentauniversitaria.store\/wp-content\/uploads\/2024\/07\/documenta-universitaria-simbol.webp","datePublished":"2024-08-13T07:09:49+00:00","dateModified":"2025-04-25T06:02:56+00:00","description":"Pol\u00edtica reembolsos y devoluciones Documenta Universitaria: plazos, condiciones, env\u00edos, incidencias y contacto por reclamaciones.","breadcrumb":{"@id":"https:\/\/documentauniversitaria.store\/es\/politica-de-reembolsos-y-devoluciones\/#breadcrumb"},"inLanguage":"es","potentialAction":[{"@type":"ReadAction","target":["https:\/\/documentauniversitaria.store\/es\/politica-de-reembolsos-y-devoluciones\/"]}]},{"@type":"ImageObject","inLanguage":"es","@id":"https:\/\/documentauniversitaria.store\/es\/politica-de-reembolsos-y-devoluciones\/#primaryimage","url":"https:\/\/documentauniversitaria.store\/wp-content\/uploads\/2024\/07\/documenta-universitaria-simbol.webp","contentUrl":"https:\/\/documentauniversitaria.store\/wp-content\/uploads\/2024\/07\/documenta-universitaria-simbol.webp","width":247,"height":247,"caption":"Anagrama de la marca Documenta Universitaria"},{"@type":"BreadcrumbList","@id":"https:\/\/documentauniversitaria.store\/es\/politica-de-reembolsos-y-devoluciones\/#breadcrumb","itemListElement":[{"@type":"ListItem","position":1,"name":"Inici","item":"https:\/\/documentauniversitaria.store\/es\/la-editorial\/"},{"@type":"ListItem","position":2,"name":"Pol\u00edtica de reembolsos y devoluciones"}]},{"@type":"WebSite","@id":"https:\/\/documentauniversitaria.store\/es\/#website","url":"https:\/\/documentauniversitaria.store\/es\/","name":"Documenta Universitaria","description":"Publicaci\u00f3 de texts acad\u00e8mics","publisher":{"@id":"https:\/\/documentauniversitaria.store\/es\/#organization"},"potentialAction":[{"@type":"SearchAction","target":{"@type":"EntryPoint","urlTemplate":"https:\/\/documentauniversitaria.store\/es\/?s={search_term_string}"},"query-input":{"@type":"PropertyValueSpecification","valueRequired":true,"valueName":"search_term_string"}}],"inLanguage":"es"},{"@type":"Organization","@id":"https:\/\/documentauniversitaria.store\/es\/#organization","name":"Documenta Universitaria","url":"https:\/\/documentauniversitaria.store\/es\/","logo":{"@type":"ImageObject","inLanguage":"es","@id":"https:\/\/documentauniversitaria.store\/es\/#\/schema\/logo\/image\/","url":"https:\/\/documentauniversitaria.store\/wp-content\/uploads\/2024\/08\/documenta-universitaria-simbol-2.webp","contentUrl":"https:\/\/documentauniversitaria.store\/wp-content\/uploads\/2024\/08\/documenta-universitaria-simbol-2.webp","width":180,"height":180,"caption":"Documenta Universitaria"},"image":{"@id":"https:\/\/documentauniversitaria.store\/es\/#\/schema\/logo\/image\/"}}]}},"_links":{"self":[{"href":"https:\/\/documentauniversitaria.store\/es\/wp-json\/wp\/v2\/pages\/13507","targetHints":{"allow":["GET"]}}],"collection":[{"href":"https:\/\/documentauniversitaria.store\/es\/wp-json\/wp\/v2\/pages"}],"about":[{"href":"https:\/\/documentauniversitaria.store\/es\/wp-json\/wp\/v2\/types\/page"}],"author":[{"embeddable":true,"href":"https:\/\/documentauniversitaria.store\/es\/wp-json\/wp\/v2\/users\/1"}],"replies":[{"embeddable":true,"href":"https:\/\/documentauniversitaria.store\/es\/wp-json\/wp\/v2\/comments?post=13507"}],"version-history":[{"count":1,"href":"https:\/\/documentauniversitaria.store\/es\/wp-json\/wp\/v2\/pages\/13507\/revisions"}],"predecessor-version":[{"id":13509,"href":"https:\/\/documentauniversitaria.store\/es\/wp-json\/wp\/v2\/pages\/13507\/revisions\/13509"}],"wp:featuredmedia":[{"embeddable":true,"href":"https:\/\/documentauniversitaria.store\/es\/wp-json\/wp\/v2\/media\/48"}],"wp:attachment":[{"href":"https:\/\/documentauniversitaria.store\/es\/wp-json\/wp\/v2\/media?parent=13507"}],"curies":[{"name":"wp","href":"https:\/\/api.w.org\/{rel}","templated":true}]}}