{"id":13511,"date":"2024-07-08T17:40:05","date_gmt":"2024-07-08T15:40:05","guid":{"rendered":"https:\/\/documentauniversitaria.store\/politica-de-privacidad\/"},"modified":"2025-04-24T16:36:01","modified_gmt":"2025-04-24T14:36:01","slug":"politica-de-privacidad","status":"publish","type":"page","link":"https:\/\/documentauniversitaria.store\/es\/politica-de-privacidad\/","title":{"rendered":"Pol\u00edtica de privacidad"},"content":{"rendered":"\t\t<div data-elementor-type=\"wp-page\" data-elementor-id=\"13511\" class=\"elementor elementor-13511 elementor-3\" data-elementor-post-type=\"page\">\n\t\t\t\t<div class=\"elementor-element elementor-element-53fe81d8 e-flex e-con-boxed e-con e-parent\" data-id=\"53fe81d8\" data-element_type=\"container\" data-e-type=\"container\">\n\t\t\t\t\t<div class=\"e-con-inner\">\n\t\t\t\t<div class=\"elementor-element elementor-element-242c1b61 elementor-widget elementor-widget-spacer\" data-id=\"242c1b61\" data-element_type=\"widget\" data-e-type=\"widget\" data-widget_type=\"spacer.default\">\n\t\t\t\t<div class=\"elementor-widget-container\">\n\t\t\t\t\t\t\t<div class=\"elementor-spacer\">\n\t\t\t<div class=\"elementor-spacer-inner\"><\/div>\n\t\t<\/div>\n\t\t\t\t\t\t<\/div>\n\t\t\t\t<\/div>\n\t\t\t\t<div class=\"elementor-element elementor-element-3475259d elementor-widget elementor-widget-heading\" data-id=\"3475259d\" data-element_type=\"widget\" data-e-type=\"widget\" data-widget_type=\"heading.default\">\n\t\t\t\t<div class=\"elementor-widget-container\">\n\t\t\t\t\t<h2 class=\"elementor-heading-title elementor-size-default\">Pol\u00edtica de privacidad<\/h2>\t\t\t\t<\/div>\n\t\t\t\t<\/div>\n\t\t\t\t<div class=\"elementor-element elementor-element-20fda890 elementor-widget elementor-widget-text-editor\" data-id=\"20fda890\" data-element_type=\"widget\" data-e-type=\"widget\" data-widget_type=\"text-editor.default\">\n\t\t\t\t<div class=\"elementor-widget-container\">\n\t\t\t\t\t\t\t\t\t<div class=\"wpb_text_column wpb_content_element\">\n<div class=\"wpb_wrapper\">\n<p><strong>CL\u00c1USULA PARA EL CUMPLIMIENTO DEL DEBER INFORMATIVO<br><\/strong> <strong>POL\u00cdTICA DE PRIVACIDAD DE EDICIONES A PETICI\u00d3N, SL<\/strong><\/p>\n<p><strong>\u00cdndice general<\/strong><\/p>\n<p>1- Introducci\u00f3n<\/p>\n<p>2- Informaci\u00f3n b\u00e1sica (Primera capa)<\/p>\n<p>3- Informaci\u00f3n ampliada (Segunda capa)<\/p>\n<p>3.1 Ep\u00edgrafe Responsable<\/p>\n<p>3.2 Ep\u00edgrafe Finalidad<\/p>\n<p>3.3 Ep\u00edgrafe Legitimaci\u00f3n<\/p>\n<p>3.4 Ep\u00edgrafe Destinatarios<\/p>\n<p>3.5 Ep\u00edgrafe Derechos<\/p>\n<p>3.6 Ep\u00edgrafe Procedencia<\/p>\n<p> <\/p>\n<p><strong>1 \u2013 INTRODUCCI\u00d3N<\/strong><\/p>\n<p>El objetivo de la presente cl\u00e1usula consiste en informar a las personas interesadas sobre las circunstancias relativas al tratamiento de sus datos de los que es Responsable del Tratamiento la empresa.<\/p>\n<p>En la presente cl\u00e1usula se indica todo lo concerniente a la finalidad a la que est\u00e1n destinados estos datos y se informa de una manera clara y concisa para que pueda dar o no sus consentimientos sin ning\u00fan tipo de ambig\u00fcedad o confusi\u00f3n.<\/p>\n<p><strong>2 \u2013 INFORMACI\u00d3N B\u00c1SICA<\/strong><\/p>\n<\/div>\n<\/div>\n<div class=\"wpb_vc_table wpb_content_element tabla1 tabla1\">\n<table>\n<tbody>\n<tr class=\"vc-th\">\n<td class=\"vc_table_cell vc_cell_borders_all\"><span class=\"vc_table_content\">INFORMACI\u00d3N B\u00c1SICA<\/span><\/td>\n<td class=\"vc_table_cell\"> <\/td>\n<\/tr>\n<tr>\n<td class=\"vc_table_cell vc_cell_borders_all\"><span class=\"vc_table_content\">Responsable<\/span><\/td> <td class=\"vc_table_cell vc_cell_borders_all\"><span class=\"vc_table_content\">Edicions a Petici\u00f3 SL<\/span><\/td>\n<\/tr>\n<tr>\n<td class=\"vc_table_cell vc_cell_borders_all\"><span class=\"vc_table_content\">Finalidad<\/span><\/td> \n<td class=\"vc_table_cell vc_cell_borders_all\"><span class=\"vc_table_content\">Gestionar el env\u00edo de informaci\u00f3n y prospecci\u00f3n comercial y gesti\u00f3n administrativa de la empresa y facturaci\u00f3n<\/span><\/td>\n<\/tr>\n<tr>\n<td class=\"vc_table_cell vc_cell_borders_all\"><span class=\"vc_table_content\">Legitimaci\u00f3n<\/span><\/td> \n<td class=\"vc_table_cell vc_cell_borders_all\"><span class=\"vc_table_content\">Consentimiento del interesado<\/span><\/td>\n<\/tr>\n<tr>\n<td class=\"vc_table_cell vc_cell_borders_all\"><span class=\"vc_table_content\">Destinatarios \n<\/span><\/td><td class=\"vc_table_cell vc_cell_borders_all\"><span class=\"vc_table_content\">Otras editoriales del grupo<\/span><\/td>\n<\/tr>\n<tr>\n<td class=\"vc_table_cell vc_cell_borders_all\"><span class=\"vc_table_content\">Derechos<\/span><\/td> \n<td class=\"vc_table_cell vc_cell_borders_all\"><span class=\"vc_table_content\">Acceder, rectificar y suprimir los datos; as\u00ed como, otros derechos como se expone en la informaci\u00f3n adicional<\/span><\/td>\n<\/tr>\n<tr>\n<td class=\"vc_table_cell vc_cell_borders_all\"><span class=\"vc_table_content\">Informaci\u00f3n adicional \n<\/span><\/td><td class=\"vc_table_cell vc_cell_borders_all\"><span class=\"vc_table_content\">Puede consultar la informaci\u00f3n adicional y detallada en nuestra web: http:\/\/www.documentauniversitaria.store<\/span><\/td>\n<\/tr>\n<\/tbody>\n<\/table>\n<\/div>\n<div class=\"wpb_text_column wpb_content_element\">\n<div class=\"wpb_wrapper\">\n<p><strong>3 \u2013 INFORMACI\u00d3N AMPLIADA<\/strong><\/p>\n<p><strong>3.1 RESPONSABLE<\/strong><\/p>\n<\/div>\n<\/div>\n<div class=\"wpb_vc_table wpb_content_element tabla1 tabla1\">\n<table>\n<tbody>\n<tr class=\"vc-th\">\n<td class=\"vc_table_cell vc_cell_borders_all\"><span class=\"vc_table_content\">IDENTIDAD RESPONSABLE DEL TRATAMIENTO<\/span><\/td>\n<td class=\"vc_table_cell vc_cell_borders_all\"> <\/td>\n<\/tr>\n<tr>\n<td class=\"vc_table_cell vc_cell_borders_all\"><span class=\"vc_table_content\">Identidad<\/span><\/td> \n<td class=\"vc_table_cell vc_cell_borders_all\"><span class=\"vc_table_content\">EDICIONS A PETICI\u00d3 &#8211; CIF: B17741240<\/span><\/td>\n<\/tr>\n<tr>\n<td class=\"vc_table_cell vc_cell_borders_all\"><span class=\"vc_table_content\">Direcci\u00f3n postal<\/span><\/td>\n<td class=\"vc_table_cell vc_cell_borders_all\"><span class=\"vc_table_content\">Parque Cient\u00edfico y Tecnol\u00f3gico de la UdG. Edificio Giroempren &#8211; Despacho A1.18. C\/ Pico de Peguera 11. 17003, Girona   <\/span><\/td>\n<\/tr>\n<tr>\n<td class=\"vc_table_cell vc_cell_borders_all\"><span class=\"vc_table_content\">Tel\u00e9fono\n<\/span><\/td><td class=\"vc_table_cell vc_cell_borders_all\"><span class=\"vc_table_content\">972183456<\/span><\/td>\n<\/tr>\n<tr>\n<td class=\"vc_table_cell vc_cell_borders_all\"><span class=\"vc_table_content\">Email\n<\/span><\/td><td class=\"vc_table_cell vc_cell_borders_all\"><span class=\"vc_table_content\"><a href=\"mailto:info@documentauniversitaria.store\">info@documentauniversitaria.store<\/a><\/span><\/td>\n<\/tr>\n<\/tbody>\n<\/table>\n<\/div>\n<div class=\"wpb_text_column wpb_content_element\">\n<div class=\"wpb_wrapper\">\n<p><strong>3.2 FINALIDADES<\/strong><\/p>\n<p><strong>Descripci\u00f3n ampliada de la\/s finalidad\/s del tratamiento:<\/strong><\/p>\n<p>Trataremos sus datos para la Gesti\u00f3n administrativa y comercial de la cartera de clientes de la empresa con el fin de prestarles el servicio solicitado y la facturaci\u00f3n del mismo.<\/p>\n<p>1- Gesti\u00f3n administrativa de la empresa. Prestarles el servicio solicitado. Facturaci\u00f3n.  <\/p>\n<p>2- Gesti\u00f3n comercial de la empresa. Realizar acciones de marketing ofreces y publicidad de los productos y servicios de la empresa. <\/p>\n<p><strong>CONSERVACI\u00d3N<\/strong><\/p>\n<p><strong>Plazos o criterios de conservaci\u00f3n de los datos:<\/strong><\/p>\n<p>Los datos personales proporcionados se conservar\u00e1n, mientras se mantenga la relaci\u00f3n mercantil, no se solicite su supresi\u00f3n por el interesado, o durante 1 a\u00f1o a partir de la \u00faltima confirmaci\u00f3n de inter\u00e9s.<\/p>\n<p><strong>DECISIONES<\/strong><\/p>\n<p><strong>Decisiones automatizadas, perfiles y l\u00f3gica aplicada:<\/strong><\/p>\n<p>La empresa NO tomar\u00e1 decisiones automatizadas.<\/p>\n<p><strong>3.3 LEGITIMACI\u00d3N<\/strong><\/p>\n<p><strong>Legitimaci\u00f3n por consentimiento del interesado:o:<\/strong><\/p>\n<p>La empresa solicitar\u00e1 el consentimiento del interesado antes de la recogida de datos, para lo cual se utiliza un formulario en el que se detalla toda la informaci\u00f3n relativa a la protecci\u00f3n de datos.<\/p>\n<p><strong>3.4 DESTINATARIOS<\/strong><\/p>\n<p>Sus datos se comunicar\u00e1n a terceras empresas que realicen servicios de asesor\u00eda contable y fiscal ya la agencia tributaria. Tambi\u00e9n se comunicar\u00e1n a entidades bancarias. <\/p>\n<p><strong>3.5 DERECHOS<\/strong><\/p>\n<p><strong>El interesado puede ejercer los siguientes derechos:<\/strong><\/p>\n<p>Derecho a solicitar el acceso a sus datos personales.<\/p>\n<p>Derecho a solicitar su rectificaci\u00f3n o supresi\u00f3n.<\/p>\n<p>Derecho a solicitar la limitaci\u00f3n de su tratamiento.<\/p>\n<p>Derecho a oponerse al tratamiento.<\/p>\n<p>Derecho a la portabilidad de los datos.<\/p>\n<p>Derecho a retirar el consentimiento prestado.<\/p>\n<p>Para ello podr\u00e1 utilizar los formularios habilitados por la empresa, o bien dirigir un escrito a EDICIONES A PETICI\u00d3 SL \u2013 C\/ PIC DE PEGUERA, 11 PARQUE CIENT\u00cdFICO DE LA UNIVERSIDAD DE GIRONA EDIFICIO GIROEMPR\u00c8N DESPACHO A.118 \u2013 17003 GIRONA, tambi\u00e9n enviar un email a: info@documentauniversitaria.store<\/p>\n<p>Adem\u00e1s, el interesado puede dirigirse a la Autoridad de Control en materia de protecci\u00f3n de datos competente para obtener informaci\u00f3n adicional o presentar una reclamaci\u00f3n.<\/p>\n<p><em>(Cl\u00e1usula informativa RGPD para incluir en documentos)<\/em><\/p>\n<p>De acuerdo con lo establecido en el Reglamento General de Protecci\u00f3n de Datos, le informamos que trataremos sus datos personales con el fin de realizar <strong>la gesti\u00f3n administrativa, contable y fiscal, as\u00ed como enviarle comunicaciones comerciales sobre nuestros productos y\/ o servicios<\/strong> . Los datos proporcionados se conservar\u00e1n mientras se mantenga la relaci\u00f3n comercial o durante el tiempo necesario para cumplir con las obligaciones legales. Los datos no se ceder\u00e1n a terceros salvo en los casos en que exista una obligaci\u00f3n legal y <strong>los trataremos en base a su consentimiento o la ejecuci\u00f3n de un contrato o por obligaci\u00f3n legal.<\/strong>  <\/p>\n<p>Asimismo, le informamos de la posibilidad de ejercitar los siguientes derechos sobre sus datos personales: derecho de acceso, rectificaci\u00f3n, supresi\u00f3n u olvido, limitaci\u00f3n, oposici\u00f3n, portabilidad ya retirar el consentimiento prestado.<\/p>\n<p>Para ello podr\u00e1 enviar un email a: <strong>info@documentauniversitaria.store<\/strong><\/p>\n<p>Adem\u00e1s, el interesado puede dirigirse a la Autoridad de Control en materia de protecci\u00f3n de datos competente para obtener informaci\u00f3n adicional o presentar una reclamaci\u00f3n.<\/p>\n<p>( <em>Cl\u00e1usula RGPD informativa para el e-mail)<\/em><\/p>\n<p>Este mensaje y sus archivos adjuntos van dirigidos exclusivamente a su destinatario, pueden contener informaci\u00f3n confidencial sometida a secreto profesional. No est\u00e1 permitida su reproducci\u00f3n o distribuci\u00f3n sin la autorizaci\u00f3n expresa de <strong>EDICIONS A PETICI\u00d3, SL<\/strong> . Si usted no es el destinatario final por favor elim\u00ednelo e inf\u00f3rmenos por esta v\u00eda.  <\/p>\n<p>Le informamos que tratamos sus datos personales con el fin de realizar <strong>la gesti\u00f3n administrativa, contable y fiscal, as\u00ed como enviarle comunicaciones comerciales sobre nuestros productos y\/o servicios<\/strong> . Los datos proporcionados se conservar\u00e1n mientras se mantenga la relaci\u00f3n comercial o durante los a\u00f1os necesarios para cumplir con las obligaciones legales. Los datos no se ceder\u00e1n a terceros salvo en los casos en los que exista una obligaci\u00f3n legal.  <\/p>\n<p>Asimismo, le informamos de la posibilidad de ejercitar los siguientes derechos sobre sus datos personales: derecho de acceso, rectificaci\u00f3n, supresi\u00f3n u olvido, limitaci\u00f3n, oposici\u00f3n, portabilidad ya retirar el consentimiento prestado.<\/p>\n<p>Para ello podr\u00e1 enviar un email a: <strong>info@documentauniversitaria.store<\/strong><\/p>\n<p>Adem\u00e1s, el interesado puede dirigirse a la Autoridad de Control en materia de protecci\u00f3n de datos competente para obtener informaci\u00f3n adicional o presentar una reclamaci\u00f3n.<\/p>\n<p>Si usted no desea recibir nuestra informaci\u00f3n, p\u00f3ngase en contacto con nosotros enviando un correo electr\u00f3nico a la siguiente direcci\u00f3n: <strong>info@documentauniversitaria.store<\/strong><\/p>\n<p>( <em>Cl\u00e1usula RGPD acciones comerciales y publicitarias)<\/em><\/p>\n<p>De acuerdo con lo establecido en el Reglamento General de Protecci\u00f3n de Datos, le informamos que sus datos han sido obtenidos de una fuente de acceso p\u00fablico, y ser\u00e1n incluidos en nuestro sistema de tratamiento. Ser\u00e1n tratadas, \u00fanicamente, para fines de publicidad, promociones y marketing que pudieran ser de su inter\u00e9s. Los datos no se ceder\u00e1n a terceros salvo en los casos en que exista una obligaci\u00f3n legal y se conservar\u00e1n mientras no solicite el cese de la actividad.  <\/p>\n<p>De acuerdo con la Ley 34\/2002, de Servicios de la Sociedad de la Informaci\u00f3n y de Comercio Electr\u00f3nico, Usted podr\u00e1 oponerse en cualquier momento al tratamiento de sus datos con fines promocionales notific\u00e1ndolo por escrito dirigido a: EDICIONES A PETICI\u00d3 SL \u2013 C\/ PIC DE PEGUERA, 11 PARQUE CIENT\u00cdFICO DE LA UNIVERSIDAD DE GIRONA EDIFICIO GIROEMPR\u00c8N DESPACHO A.118 \u2013 17003 GIRONA O bien en la direcci\u00f3n de correo electr\u00f3nico: info@documentauniversitaria.store indicando BAJA en el asunto.<\/p>\n<p>Asimismo, le informamos de la posibilidad de ejercitar los siguientes derechos sobre sus datos personales: derecho de acceso, rectificaci\u00f3n, supresi\u00f3n u olvido, limitaci\u00f3n, oposici\u00f3n, portabilidad ya retirar el consentimiento prestado. Para ello podr\u00e1 enviar un email a: info@documentauniversitaria.store <\/p>\n<p>Adem\u00e1s, el interesado puede dirigirse a la Autoridad de Control en materia de protecci\u00f3n de datos competente para obtener informaci\u00f3n adicional o presentar una reclamaci\u00f3n.<\/p>\n<p>AVISO:<\/p>\n<p>Si compra datos personales a terceros para realizar publicidad de sus productos y servicios, debe tener en cuenta que los mismos proceden de fuentes accesibles al p\u00fablico y que est\u00e1n contrastados con la lista Robinson.<\/p>\n<p>Recuerde que debe borrar los datos cuando haya transcurrido un tiempo sin hacer uso de los mismos.<\/p>\n<\/div>\n<\/div>\t\t\t\t\t\t\t\t<\/div>\n\t\t\t\t<\/div>\n\t\t\t\t<div class=\"elementor-element elementor-element-aac4a91 elementor-widget elementor-widget-spacer\" data-id=\"aac4a91\" data-element_type=\"widget\" data-e-type=\"widget\" data-widget_type=\"spacer.default\">\n\t\t\t\t<div class=\"elementor-widget-container\">\n\t\t\t\t\t\t\t<div class=\"elementor-spacer\">\n\t\t\t<div class=\"elementor-spacer-inner\"><\/div>\n\t\t<\/div>\n\t\t\t\t\t\t<\/div>\n\t\t\t\t<\/div>\n\t\t\t\t\t<\/div>\n\t\t\t\t<\/div>\n\t\t\t\t<\/div>\n\t\t","protected":false},"excerpt":{"rendered":"<p>Pol\u00edtica de privacidad CL\u00c1USULA PARA EL CUMPLIMIENTO DEL DEBER INFORMATIVO POL\u00cdTICA DE PRIVACIDAD DE EDICIONES A PETICI\u00d3N, SL \u00cdndice general 1- Introducci\u00f3n 2- Informaci\u00f3n b\u00e1sica (Primera capa) 3- Informaci\u00f3n ampliada (Segunda capa) 3.1 Ep\u00edgrafe Responsable 3.2 Ep\u00edgrafe Finalidad 3.3 Ep\u00edgrafe Legitimaci\u00f3n 3.4 Ep\u00edgrafe Destinatarios 3.5 Ep\u00edgrafe Derechos 3.6 Ep\u00edgrafe Procedencia 1 \u2013 INTRODUCCI\u00d3N El objetivo [&hellip;]<\/p>\n","protected":false},"author":1,"featured_media":48,"parent":0,"menu_order":0,"comment_status":"closed","ping_status":"closed","template":"elementor_header_footer","meta":{"footnotes":""},"class_list":["post-13511","page","type-page","status-publish","has-post-thumbnail","hentry"],"yoast_head":"<!-- This site is optimized with the Yoast SEO plugin v27.5 - https:\/\/yoast.com\/product\/yoast-seo-wordpress\/ -->\n<title>Pol\u00edtica de privacidad - Documenta Universitaria<\/title>\n<meta name=\"description\" content=\"Pol\u00edtica de privacidad Documenta Universitaria: c\u00f3mo recogemos y tratamos tus datos personales de acuerdo con la normativa vigente.\" \/>\n<meta name=\"robots\" content=\"index, follow, max-snippet:-1, max-image-preview:large, max-video-preview:-1\" \/>\n<link rel=\"canonical\" href=\"https:\/\/documentauniversitaria.store\/es\/politica-de-privacidad\/\" \/>\n<meta property=\"og:locale\" content=\"es_ES\" \/>\n<meta property=\"og:type\" content=\"article\" \/>\n<meta property=\"og:title\" content=\"Pol\u00edtica de privacidad - Documenta Universitaria\" \/>\n<meta property=\"og:description\" content=\"Pol\u00edtica de privacidad Documenta Universitaria: c\u00f3mo recogemos y tratamos tus datos personales de acuerdo con la normativa vigente.\" \/>\n<meta property=\"og:url\" content=\"https:\/\/documentauniversitaria.store\/es\/politica-de-privacidad\/\" \/>\n<meta property=\"og:site_name\" content=\"Documenta Universitaria\" \/>\n<meta property=\"article:modified_time\" content=\"2025-04-24T14:36:01+00:00\" \/>\n<meta property=\"og:image\" content=\"https:\/\/documentauniversitaria.store\/wp-content\/uploads\/2024\/07\/documenta-universitaria-simbol.webp\" \/>\n\t<meta property=\"og:image:width\" content=\"247\" \/>\n\t<meta property=\"og:image:height\" content=\"247\" \/>\n\t<meta property=\"og:image:type\" content=\"image\/webp\" \/>\n<meta name=\"twitter:card\" content=\"summary_large_image\" \/>\n<meta name=\"twitter:label1\" content=\"Tiempo de lectura\" \/>\n\t<meta name=\"twitter:data1\" content=\"7 minutos\" \/>\n<script type=\"application\/ld+json\" class=\"yoast-schema-graph\">{\"@context\":\"https:\\\/\\\/schema.org\",\"@graph\":[{\"@type\":\"WebPage\",\"@id\":\"https:\\\/\\\/documentauniversitaria.store\\\/es\\\/politica-de-privacidad\\\/\",\"url\":\"https:\\\/\\\/documentauniversitaria.store\\\/es\\\/politica-de-privacidad\\\/\",\"name\":\"Pol\u00edtica de privacidad - Documenta Universitaria\",\"isPartOf\":{\"@id\":\"https:\\\/\\\/documentauniversitaria.store\\\/es\\\/#website\"},\"primaryImageOfPage\":{\"@id\":\"https:\\\/\\\/documentauniversitaria.store\\\/es\\\/politica-de-privacidad\\\/#primaryimage\"},\"image\":{\"@id\":\"https:\\\/\\\/documentauniversitaria.store\\\/es\\\/politica-de-privacidad\\\/#primaryimage\"},\"thumbnailUrl\":\"https:\\\/\\\/documentauniversitaria.store\\\/wp-content\\\/uploads\\\/2024\\\/07\\\/documenta-universitaria-simbol.webp\",\"datePublished\":\"2024-07-08T15:40:05+00:00\",\"dateModified\":\"2025-04-24T14:36:01+00:00\",\"description\":\"Pol\u00edtica de privacidad Documenta Universitaria: c\u00f3mo recogemos y tratamos tus datos personales de acuerdo con la normativa vigente.\",\"breadcrumb\":{\"@id\":\"https:\\\/\\\/documentauniversitaria.store\\\/es\\\/politica-de-privacidad\\\/#breadcrumb\"},\"inLanguage\":\"es\",\"potentialAction\":[{\"@type\":\"ReadAction\",\"target\":[\"https:\\\/\\\/documentauniversitaria.store\\\/es\\\/politica-de-privacidad\\\/\"]}]},{\"@type\":\"ImageObject\",\"inLanguage\":\"es\",\"@id\":\"https:\\\/\\\/documentauniversitaria.store\\\/es\\\/politica-de-privacidad\\\/#primaryimage\",\"url\":\"https:\\\/\\\/documentauniversitaria.store\\\/wp-content\\\/uploads\\\/2024\\\/07\\\/documenta-universitaria-simbol.webp\",\"contentUrl\":\"https:\\\/\\\/documentauniversitaria.store\\\/wp-content\\\/uploads\\\/2024\\\/07\\\/documenta-universitaria-simbol.webp\",\"width\":247,\"height\":247,\"caption\":\"Anagrama de la marca Documenta Universitaria\"},{\"@type\":\"BreadcrumbList\",\"@id\":\"https:\\\/\\\/documentauniversitaria.store\\\/es\\\/politica-de-privacidad\\\/#breadcrumb\",\"itemListElement\":[{\"@type\":\"ListItem\",\"position\":1,\"name\":\"Inici\",\"item\":\"https:\\\/\\\/documentauniversitaria.store\\\/es\\\/la-editorial\\\/\"},{\"@type\":\"ListItem\",\"position\":2,\"name\":\"Pol\u00edtica de privacidad\"}]},{\"@type\":\"WebSite\",\"@id\":\"https:\\\/\\\/documentauniversitaria.store\\\/es\\\/#website\",\"url\":\"https:\\\/\\\/documentauniversitaria.store\\\/es\\\/\",\"name\":\"Documenta Universitaria\",\"description\":\"Publicaci\u00f3 de texts acad\u00e8mics\",\"publisher\":{\"@id\":\"https:\\\/\\\/documentauniversitaria.store\\\/es\\\/#organization\"},\"potentialAction\":[{\"@type\":\"SearchAction\",\"target\":{\"@type\":\"EntryPoint\",\"urlTemplate\":\"https:\\\/\\\/documentauniversitaria.store\\\/es\\\/?s={search_term_string}\"},\"query-input\":{\"@type\":\"PropertyValueSpecification\",\"valueRequired\":true,\"valueName\":\"search_term_string\"}}],\"inLanguage\":\"es\"},{\"@type\":\"Organization\",\"@id\":\"https:\\\/\\\/documentauniversitaria.store\\\/es\\\/#organization\",\"name\":\"Documenta Universitaria\",\"url\":\"https:\\\/\\\/documentauniversitaria.store\\\/es\\\/\",\"logo\":{\"@type\":\"ImageObject\",\"inLanguage\":\"es\",\"@id\":\"https:\\\/\\\/documentauniversitaria.store\\\/es\\\/#\\\/schema\\\/logo\\\/image\\\/\",\"url\":\"https:\\\/\\\/documentauniversitaria.store\\\/wp-content\\\/uploads\\\/2024\\\/08\\\/documenta-universitaria-simbol-2.webp\",\"contentUrl\":\"https:\\\/\\\/documentauniversitaria.store\\\/wp-content\\\/uploads\\\/2024\\\/08\\\/documenta-universitaria-simbol-2.webp\",\"width\":180,\"height\":180,\"caption\":\"Documenta Universitaria\"},\"image\":{\"@id\":\"https:\\\/\\\/documentauniversitaria.store\\\/es\\\/#\\\/schema\\\/logo\\\/image\\\/\"}}]}<\/script>\n<!-- \/ Yoast SEO plugin. -->","yoast_head_json":{"title":"Pol\u00edtica de privacidad - Documenta Universitaria","description":"Pol\u00edtica de privacidad Documenta Universitaria: c\u00f3mo recogemos y tratamos tus datos personales de acuerdo con la normativa vigente.","robots":{"index":"index","follow":"follow","max-snippet":"max-snippet:-1","max-image-preview":"max-image-preview:large","max-video-preview":"max-video-preview:-1"},"canonical":"https:\/\/documentauniversitaria.store\/es\/politica-de-privacidad\/","og_locale":"es_ES","og_type":"article","og_title":"Pol\u00edtica de privacidad - Documenta Universitaria","og_description":"Pol\u00edtica de privacidad Documenta Universitaria: c\u00f3mo recogemos y tratamos tus datos personales de acuerdo con la normativa vigente.","og_url":"https:\/\/documentauniversitaria.store\/es\/politica-de-privacidad\/","og_site_name":"Documenta Universitaria","article_modified_time":"2025-04-24T14:36:01+00:00","og_image":[{"width":247,"height":247,"url":"https:\/\/documentauniversitaria.store\/wp-content\/uploads\/2024\/07\/documenta-universitaria-simbol.webp","type":"image\/webp"}],"twitter_card":"summary_large_image","twitter_misc":{"Tiempo de lectura":"7 minutos"},"schema":{"@context":"https:\/\/schema.org","@graph":[{"@type":"WebPage","@id":"https:\/\/documentauniversitaria.store\/es\/politica-de-privacidad\/","url":"https:\/\/documentauniversitaria.store\/es\/politica-de-privacidad\/","name":"Pol\u00edtica de privacidad - Documenta Universitaria","isPartOf":{"@id":"https:\/\/documentauniversitaria.store\/es\/#website"},"primaryImageOfPage":{"@id":"https:\/\/documentauniversitaria.store\/es\/politica-de-privacidad\/#primaryimage"},"image":{"@id":"https:\/\/documentauniversitaria.store\/es\/politica-de-privacidad\/#primaryimage"},"thumbnailUrl":"https:\/\/documentauniversitaria.store\/wp-content\/uploads\/2024\/07\/documenta-universitaria-simbol.webp","datePublished":"2024-07-08T15:40:05+00:00","dateModified":"2025-04-24T14:36:01+00:00","description":"Pol\u00edtica de privacidad Documenta Universitaria: c\u00f3mo recogemos y tratamos tus datos personales de acuerdo con la normativa vigente.","breadcrumb":{"@id":"https:\/\/documentauniversitaria.store\/es\/politica-de-privacidad\/#breadcrumb"},"inLanguage":"es","potentialAction":[{"@type":"ReadAction","target":["https:\/\/documentauniversitaria.store\/es\/politica-de-privacidad\/"]}]},{"@type":"ImageObject","inLanguage":"es","@id":"https:\/\/documentauniversitaria.store\/es\/politica-de-privacidad\/#primaryimage","url":"https:\/\/documentauniversitaria.store\/wp-content\/uploads\/2024\/07\/documenta-universitaria-simbol.webp","contentUrl":"https:\/\/documentauniversitaria.store\/wp-content\/uploads\/2024\/07\/documenta-universitaria-simbol.webp","width":247,"height":247,"caption":"Anagrama de la marca Documenta Universitaria"},{"@type":"BreadcrumbList","@id":"https:\/\/documentauniversitaria.store\/es\/politica-de-privacidad\/#breadcrumb","itemListElement":[{"@type":"ListItem","position":1,"name":"Inici","item":"https:\/\/documentauniversitaria.store\/es\/la-editorial\/"},{"@type":"ListItem","position":2,"name":"Pol\u00edtica de privacidad"}]},{"@type":"WebSite","@id":"https:\/\/documentauniversitaria.store\/es\/#website","url":"https:\/\/documentauniversitaria.store\/es\/","name":"Documenta Universitaria","description":"Publicaci\u00f3 de texts acad\u00e8mics","publisher":{"@id":"https:\/\/documentauniversitaria.store\/es\/#organization"},"potentialAction":[{"@type":"SearchAction","target":{"@type":"EntryPoint","urlTemplate":"https:\/\/documentauniversitaria.store\/es\/?s={search_term_string}"},"query-input":{"@type":"PropertyValueSpecification","valueRequired":true,"valueName":"search_term_string"}}],"inLanguage":"es"},{"@type":"Organization","@id":"https:\/\/documentauniversitaria.store\/es\/#organization","name":"Documenta Universitaria","url":"https:\/\/documentauniversitaria.store\/es\/","logo":{"@type":"ImageObject","inLanguage":"es","@id":"https:\/\/documentauniversitaria.store\/es\/#\/schema\/logo\/image\/","url":"https:\/\/documentauniversitaria.store\/wp-content\/uploads\/2024\/08\/documenta-universitaria-simbol-2.webp","contentUrl":"https:\/\/documentauniversitaria.store\/wp-content\/uploads\/2024\/08\/documenta-universitaria-simbol-2.webp","width":180,"height":180,"caption":"Documenta Universitaria"},"image":{"@id":"https:\/\/documentauniversitaria.store\/es\/#\/schema\/logo\/image\/"}}]}},"_links":{"self":[{"href":"https:\/\/documentauniversitaria.store\/es\/wp-json\/wp\/v2\/pages\/13511","targetHints":{"allow":["GET"]}}],"collection":[{"href":"https:\/\/documentauniversitaria.store\/es\/wp-json\/wp\/v2\/pages"}],"about":[{"href":"https:\/\/documentauniversitaria.store\/es\/wp-json\/wp\/v2\/types\/page"}],"author":[{"embeddable":true,"href":"https:\/\/documentauniversitaria.store\/es\/wp-json\/wp\/v2\/users\/1"}],"replies":[{"embeddable":true,"href":"https:\/\/documentauniversitaria.store\/es\/wp-json\/wp\/v2\/comments?post=13511"}],"version-history":[{"count":2,"href":"https:\/\/documentauniversitaria.store\/es\/wp-json\/wp\/v2\/pages\/13511\/revisions"}],"predecessor-version":[{"id":15220,"href":"https:\/\/documentauniversitaria.store\/es\/wp-json\/wp\/v2\/pages\/13511\/revisions\/15220"}],"wp:featuredmedia":[{"embeddable":true,"href":"https:\/\/documentauniversitaria.store\/es\/wp-json\/wp\/v2\/media\/48"}],"wp:attachment":[{"href":"https:\/\/documentauniversitaria.store\/es\/wp-json\/wp\/v2\/media?parent=13511"}],"curies":[{"name":"wp","href":"https:\/\/api.w.org\/{rel}","templated":true}]}}