{"id":13516,"date":"2024-08-13T12:24:48","date_gmt":"2024-08-13T10:24:48","guid":{"rendered":"https:\/\/documentauniversitaria.store\/colecciones\/"},"modified":"2025-04-24T13:16:16","modified_gmt":"2025-04-24T11:16:16","slug":"colecciones","status":"publish","type":"page","link":"https:\/\/documentauniversitaria.store\/es\/colecciones\/","title":{"rendered":"Colecciones"},"content":{"rendered":"\t\t<div data-elementor-type=\"wp-page\" data-elementor-id=\"13516\" class=\"elementor elementor-13516 elementor-12928\" data-elementor-post-type=\"page\">\n\t\t\t\t<div class=\"elementor-element elementor-element-4a1d172 e-con-full e-flex e-con e-parent\" data-id=\"4a1d172\" data-element_type=\"container\" data-e-type=\"container\">\n\t\t<div class=\"elementor-element elementor-element-f16bb19 e-con-full e-flex e-con e-child\" data-id=\"f16bb19\" data-element_type=\"container\" data-e-type=\"container\">\n\t\t\t\t<div class=\"elementor-element elementor-element-9360537 elementor-hidden-mobile elementor-invisible elementor-widget elementor-widget-heading\" data-id=\"9360537\" data-element_type=\"widget\" data-e-type=\"widget\" data-settings=\"{&quot;_animation&quot;:&quot;fadeInUp&quot;,&quot;_animation_delay&quot;:400}\" data-widget_type=\"heading.default\">\n\t\t\t\t<div class=\"elementor-widget-container\">\n\t\t\t\t\t<h2 class=\"elementor-heading-title elementor-size-default\">Colecci\u00f3n<\/h2>\t\t\t\t<\/div>\n\t\t\t\t<\/div>\n\t\t\t\t<div class=\"elementor-element elementor-element-6eaaaab elementor-hidden-mobile elementor-widget-divider--view-line elementor-widget elementor-widget-divider\" data-id=\"6eaaaab\" data-element_type=\"widget\" data-e-type=\"widget\" data-widget_type=\"divider.default\">\n\t\t\t\t<div class=\"elementor-widget-container\">\n\t\t\t\t\t\t\t<div class=\"elementor-divider\">\n\t\t\t<span class=\"elementor-divider-separator\">\n\t\t\t\t\t\t<\/span>\n\t\t<\/div>\n\t\t\t\t\t\t<\/div>\n\t\t\t\t<\/div>\n\t\t\t\t<div class=\"elementor-element elementor-element-07fea3a elementor-hidden-mobile elementor-widget elementor-widget-jet-smart-filters-alphabet\" data-id=\"07fea3a\" data-element_type=\"widget\" data-e-type=\"widget\" data-widget_type=\"jet-smart-filters-alphabet.default\">\n\t\t\t\t<div class=\"elementor-widget-container\">\n\t\t\t\t\t<div class=\"jet-smart-filters-alphabet jet-filter \" data-indexer-rule=\"show\" data-show-counter=\"\" data-change-counter=\"always\"><div class=\"jet-alphabet-list\" data-query-type=\"alphabet\" data-query-var=\"\" data-smart-filter=\"alphabet\" data-filter-id=\"13584\" data-apply-type=\"ajax\" data-content-provider=\"jet-engine\" data-additional-providers=\"\" data-query-id=\"coleccions\" data-active-label=\"\" data-layout-options=\"{&quot;show_label&quot;:&quot;&quot;,&quot;display_options&quot;:{&quot;show_items_label&quot;:false,&quot;show_decorator&quot;:false,&quot;filter_image_size&quot;:&quot;full&quot;,&quot;show_counter&quot;:false}}\" data-query-var-suffix=\"\" data-apply-on=\"value\"><form class=\"jet-alphabet-list-wrapper\"><fieldset><legend style=\"display:none;\">Filtro colecciones<\/legend><\/fieldset><\/form><\/div>\n<\/div>\t\t\t\t<\/div>\n\t\t\t\t<\/div>\n\t\t\t\t<div class=\"elementor-element elementor-element-5413432 elementor-widget elementor-widget-spacer\" data-id=\"5413432\" data-element_type=\"widget\" data-e-type=\"widget\" data-widget_type=\"spacer.default\">\n\t\t\t\t<div class=\"elementor-widget-container\">\n\t\t\t\t\t\t\t<div class=\"elementor-spacer\">\n\t\t\t<div class=\"elementor-spacer-inner\"><\/div>\n\t\t<\/div>\n\t\t\t\t\t\t<\/div>\n\t\t\t\t<\/div>\n\t\t\t\t<div class=\"elementor-element elementor-element-35f3f9b elementor-widget elementor-widget-jet-listing-grid\" data-id=\"35f3f9b\" data-element_type=\"widget\" data-e-type=\"widget\" id=\"coleccions\" data-settings=\"{&quot;columns&quot;:&quot;4&quot;,&quot;columns_tablet&quot;:&quot;2&quot;,&quot;columns_mobile&quot;:&quot;1&quot;}\" data-widget_type=\"jet-listing-grid.default\">\n\t\t\t\t<div class=\"elementor-widget-container\">\n\t\t\t\t\t<div class=\"jet-listing-grid jet-listing\"><div class=\"jet-listing-grid__items grid-col-desk-4 grid-col-tablet-2 grid-col-mobile-1 jet-listing-grid--12952\" data-queried-id=\"13516|WP_Post\" data-nav=\"{&quot;enabled&quot;:true,&quot;type&quot;:&quot;click&quot;,&quot;more_el&quot;:&quot;#veuremes&quot;,&quot;query&quot;:{&quot;query_id&quot;:2},&quot;widget_settings&quot;:{&quot;lisitng_id&quot;:12952,&quot;posts_num&quot;:0,&quot;columns&quot;:4,&quot;columns_tablet&quot;:2,&quot;columns_mobile&quot;:1,&quot;column_min_width&quot;:240,&quot;column_min_width_tablet&quot;:240,&quot;column_min_width_mobile&quot;:240,&quot;inline_columns_css&quot;:false,&quot;is_archive_template&quot;:&quot;&quot;,&quot;post_status&quot;:[&quot;publish&quot;],&quot;use_random_posts_num&quot;:&quot;&quot;,&quot;max_posts_num&quot;:9,&quot;not_found_message&quot;:&quot;No data was found&quot;,&quot;is_masonry&quot;:false,&quot;equal_columns_height&quot;:&quot;&quot;,&quot;use_load_more&quot;:&quot;yes&quot;,&quot;load_more_id&quot;:&quot;veuremes&quot;,&quot;load_more_type&quot;:&quot;click&quot;,&quot;load_more_offset&quot;:{&quot;unit&quot;:&quot;px&quot;,&quot;size&quot;:0,&quot;sizes&quot;:[]},&quot;use_custom_post_types&quot;:&quot;&quot;,&quot;custom_post_types&quot;:[],&quot;hide_widget_if&quot;:&quot;&quot;,&quot;carousel_enabled&quot;:&quot;&quot;,&quot;slides_to_scroll&quot;:&quot;1&quot;,&quot;arrows&quot;:&quot;true&quot;,&quot;arrow_icon&quot;:&quot;fa fa-angle-left&quot;,&quot;dots&quot;:&quot;&quot;,&quot;autoplay&quot;:&quot;true&quot;,&quot;pause_on_hover&quot;:&quot;true&quot;,&quot;autoplay_speed&quot;:5000,&quot;infinite&quot;:&quot;true&quot;,&quot;center_mode&quot;:&quot;&quot;,&quot;effect&quot;:&quot;slide&quot;,&quot;speed&quot;:500,&quot;inject_alternative_items&quot;:&quot;&quot;,&quot;injection_items&quot;:[],&quot;scroll_slider_enabled&quot;:&quot;&quot;,&quot;scroll_slider_on&quot;:[&quot;desktop&quot;,&quot;tablet&quot;,&quot;mobile&quot;],&quot;custom_query&quot;:&quot;yes&quot;,&quot;custom_query_id&quot;:&quot;2&quot;,&quot;_element_id&quot;:&quot;coleccions&quot;,&quot;collapse_first_last_gap&quot;:false,&quot;list_items_wrapper_tag&quot;:&quot;div&quot;,&quot;list_item_tag&quot;:&quot;div&quot;,&quot;empty_items_wrapper_tag&quot;:&quot;div&quot;}}\" data-page=\"1\" data-pages=\"1\" data-listing-source=\"query\" data-listing-id=\"12952\" data-query-id=\"2\"><div class=\"jet-listing-grid__item jet-listing-dynamic-post-190\" data-post-id=\"190\" >\t\t<div data-elementor-type=\"jet-listing-items\" data-elementor-id=\"13697\" class=\"elementor elementor-13697 elementor-12952 elementor-12952\" data-elementor-post-type=\"jet-engine\">\n\t\t\t\t<div class=\"elementor-element elementor-element-10396bd e-con-full e-flex e-con e-parent\" data-id=\"10396bd\" data-element_type=\"container\" data-e-type=\"container\">\n\t\t<div class=\"elementor-element elementor-element-414f595 e-con-full e-flex e-con e-child\" data-id=\"414f595\" data-element_type=\"container\" data-e-type=\"container\">\n\t\t\t\t<div class=\"elementor-element elementor-element-6f699fc elementor-widget elementor-widget-jet-listing-dynamic-terms\" data-id=\"6f699fc\" data-element_type=\"widget\" data-e-type=\"widget\" data-widget_type=\"jet-listing-dynamic-terms.default\">\n\t\t\t\t<div class=\"elementor-widget-container\">\n\t\t\t\t\t<div class=\"jet-listing jet-listing-dynamic-terms\"><a href=\"https:\/\/documentauniversitaria.store\/es\/colleccio\/estudios-arqueologicos\/\" class=\"jet-listing-dynamic-terms__link\">Estudios Arqueol\u00f3gicos<\/a><\/div>\t\t\t\t<\/div>\n\t\t\t\t<\/div>\n\t\t\t\t<\/div>\n\t\t\t\t<\/div>\n\t\t\t\t<\/div>\n\t\t<\/div><div class=\"jet-listing-grid__item jet-listing-dynamic-post-189\" data-post-id=\"189\" >\t\t<div data-elementor-type=\"jet-listing-items\" data-elementor-id=\"13697\" class=\"elementor elementor-13697 elementor-12952 elementor-12952\" data-elementor-post-type=\"jet-engine\">\n\t\t\t\t<div class=\"elementor-element elementor-element-10396bd e-con-full e-flex e-con e-parent\" data-id=\"10396bd\" data-element_type=\"container\" data-e-type=\"container\">\n\t\t<div class=\"elementor-element elementor-element-414f595 e-con-full e-flex e-con e-child\" data-id=\"414f595\" data-element_type=\"container\" data-e-type=\"container\">\n\t\t\t\t<div class=\"elementor-element elementor-element-6f699fc elementor-widget elementor-widget-jet-listing-dynamic-terms\" data-id=\"6f699fc\" data-element_type=\"widget\" data-e-type=\"widget\" data-widget_type=\"jet-listing-dynamic-terms.default\">\n\t\t\t\t<div class=\"elementor-widget-container\">\n\t\t\t\t\t<div class=\"jet-listing jet-listing-dynamic-terms\"><a href=\"https:\/\/documentauniversitaria.store\/es\/colleccio\/historia-antigua-y-prehistoria-de-la-universitat-de-girona\/\" class=\"jet-listing-dynamic-terms__link\">Historia Antigua y Prehistoria de la Universitat de Girona<\/a><\/div>\t\t\t\t<\/div>\n\t\t\t\t<\/div>\n\t\t\t\t<\/div>\n\t\t\t\t<\/div>\n\t\t\t\t<\/div>\n\t\t<\/div><div class=\"jet-listing-grid__item jet-listing-dynamic-post-188\" data-post-id=\"188\" >\t\t<div data-elementor-type=\"jet-listing-items\" data-elementor-id=\"13697\" class=\"elementor elementor-13697 elementor-12952 elementor-12952\" data-elementor-post-type=\"jet-engine\">\n\t\t\t\t<div class=\"elementor-element elementor-element-10396bd e-con-full e-flex e-con e-parent\" data-id=\"10396bd\" data-element_type=\"container\" data-e-type=\"container\">\n\t\t<div class=\"elementor-element elementor-element-414f595 e-con-full e-flex e-con e-child\" data-id=\"414f595\" data-element_type=\"container\" data-e-type=\"container\">\n\t\t\t\t<div class=\"elementor-element elementor-element-6f699fc elementor-widget elementor-widget-jet-listing-dynamic-terms\" data-id=\"6f699fc\" data-element_type=\"widget\" data-e-type=\"widget\" data-widget_type=\"jet-listing-dynamic-terms.default\">\n\t\t\t\t<div class=\"elementor-widget-container\">\n\t\t\t\t\t<div class=\"jet-listing jet-listing-dynamic-terms\"><a href=\"https:\/\/documentauniversitaria.store\/es\/colleccio\/publicaciones-del-laboratorio-de-arqueologia\/\" class=\"jet-listing-dynamic-terms__link\">Publicaciones del Laboratorio de Arqueologia<\/a><\/div>\t\t\t\t<\/div>\n\t\t\t\t<\/div>\n\t\t\t\t<\/div>\n\t\t\t\t<\/div>\n\t\t\t\t<\/div>\n\t\t<\/div><\/div><\/div>\t\t\t\t<\/div>\n\t\t\t\t<\/div>\n\t\t\t\t<div class=\"elementor-element elementor-element-6d2184e e-transform elementor-widget elementor-widget-button\" data-id=\"6d2184e\" data-element_type=\"widget\" data-e-type=\"widget\" data-settings=\"{&quot;_transform_translateX_effect_hover&quot;:{&quot;unit&quot;:&quot;px&quot;,&quot;size&quot;:4,&quot;sizes&quot;:[]},&quot;_transform_translateX_effect_hover_tablet&quot;:{&quot;unit&quot;:&quot;px&quot;,&quot;size&quot;:&quot;&quot;,&quot;sizes&quot;:[]},&quot;_transform_translateX_effect_hover_mobile&quot;:{&quot;unit&quot;:&quot;px&quot;,&quot;size&quot;:&quot;&quot;,&quot;sizes&quot;:[]},&quot;_transform_translateY_effect_hover&quot;:{&quot;unit&quot;:&quot;px&quot;,&quot;size&quot;:&quot;&quot;,&quot;sizes&quot;:[]},&quot;_transform_translateY_effect_hover_tablet&quot;:{&quot;unit&quot;:&quot;px&quot;,&quot;size&quot;:&quot;&quot;,&quot;sizes&quot;:[]},&quot;_transform_translateY_effect_hover_mobile&quot;:{&quot;unit&quot;:&quot;px&quot;,&quot;size&quot;:&quot;&quot;,&quot;sizes&quot;:[]}}\" data-widget_type=\"button.default\">\n\t\t\t\t<div class=\"elementor-widget-container\">\n\t\t\t\t\t\t\t\t\t<div class=\"elementor-button-wrapper\">\n\t\t\t\t\t<a class=\"elementor-button elementor-size-sm\" role=\"button\" id=\"veuremes\">\n\t\t\t\t\t\t<span class=\"elementor-button-content-wrapper\">\n\t\t\t\t\t\t\t\t\t<span class=\"elementor-button-text\">VER M\u00c1S<\/span>\n\t\t\t\t\t<\/span>\n\t\t\t\t\t<\/a>\n\t\t\t\t<\/div>\n\t\t\t\t\t\t\t\t<\/div>\n\t\t\t\t<\/div>\n\t\t\t\t<\/div>\n\t\t\t\t<\/div>\n\t\t\t\t<\/div>\n\t\t","protected":false},"excerpt":{"rendered":"<p>Colecci\u00f3n Filtre col\u00b7leccions A B C D E F G H I J K L M N O P Q R S T U V W X Y Z Estudios Arqueol\u00f3gicos Historia Antigua y Prehistoria de la Universitat de Girona Publicaciones del Laboratorio de Arqueologia VER M\u00c1S<\/p>\n","protected":false},"author":1,"featured_media":48,"parent":0,"menu_order":0,"comment_status":"closed","ping_status":"closed","template":"elementor_header_footer","meta":{"footnotes":""},"class_list":["post-13516","page","type-page","status-publish","has-post-thumbnail","hentry"],"yoast_head":"<!-- This site is optimized with the Yoast SEO plugin v27.5 - https:\/\/yoast.com\/product\/yoast-seo-wordpress\/ -->\n<title>Colecciones de libros acad\u00e9micos - Documenta Universitaria<\/title>\n<meta name=\"description\" content=\"Explora las colecciones de libros acad\u00e9micos de Documenta Universitaria. Publicaciones clasificadas por tem\u00e1tica y \u00e1mbito de especializaci\u00f3n.\" \/>\n<meta name=\"robots\" content=\"index, follow, max-snippet:-1, max-image-preview:large, max-video-preview:-1\" \/>\n<link rel=\"canonical\" href=\"https:\/\/documentauniversitaria.store\/es\/colecciones\/\" \/>\n<meta property=\"og:locale\" content=\"es_ES\" \/>\n<meta property=\"og:type\" content=\"article\" \/>\n<meta property=\"og:title\" content=\"Colecciones de libros acad\u00e9micos - Documenta Universitaria\" \/>\n<meta property=\"og:description\" content=\"Explora las colecciones de libros acad\u00e9micos de Documenta Universitaria. Publicaciones clasificadas por tem\u00e1tica y \u00e1mbito de especializaci\u00f3n.\" \/>\n<meta property=\"og:url\" content=\"https:\/\/documentauniversitaria.store\/es\/colecciones\/\" \/>\n<meta property=\"og:site_name\" content=\"Documenta Universitaria\" \/>\n<meta property=\"article:modified_time\" content=\"2025-04-24T11:16:16+00:00\" \/>\n<meta property=\"og:image\" content=\"https:\/\/documentauniversitaria.store\/wp-content\/uploads\/2024\/07\/documenta-universitaria-simbol.webp\" \/>\n\t<meta property=\"og:image:width\" content=\"247\" \/>\n\t<meta property=\"og:image:height\" content=\"247\" \/>\n\t<meta property=\"og:image:type\" content=\"image\/webp\" \/>\n<meta name=\"twitter:card\" content=\"summary_large_image\" \/>\n<script type=\"application\/ld+json\" class=\"yoast-schema-graph\">{\"@context\":\"https:\\\/\\\/schema.org\",\"@graph\":[{\"@type\":\"WebPage\",\"@id\":\"https:\\\/\\\/documentauniversitaria.store\\\/es\\\/colecciones\\\/\",\"url\":\"https:\\\/\\\/documentauniversitaria.store\\\/es\\\/colecciones\\\/\",\"name\":\"Colecciones de libros acad\u00e9micos - Documenta Universitaria\",\"isPartOf\":{\"@id\":\"https:\\\/\\\/documentauniversitaria.store\\\/es\\\/#website\"},\"primaryImageOfPage\":{\"@id\":\"https:\\\/\\\/documentauniversitaria.store\\\/es\\\/colecciones\\\/#primaryimage\"},\"image\":{\"@id\":\"https:\\\/\\\/documentauniversitaria.store\\\/es\\\/colecciones\\\/#primaryimage\"},\"thumbnailUrl\":\"https:\\\/\\\/documentauniversitaria.store\\\/wp-content\\\/uploads\\\/2024\\\/07\\\/documenta-universitaria-simbol.webp\",\"datePublished\":\"2024-08-13T10:24:48+00:00\",\"dateModified\":\"2025-04-24T11:16:16+00:00\",\"description\":\"Explora las colecciones de libros acad\u00e9micos de Documenta Universitaria. Publicaciones clasificadas por tem\u00e1tica y \u00e1mbito de especializaci\u00f3n.\",\"breadcrumb\":{\"@id\":\"https:\\\/\\\/documentauniversitaria.store\\\/es\\\/colecciones\\\/#breadcrumb\"},\"inLanguage\":\"es\",\"potentialAction\":[{\"@type\":\"ReadAction\",\"target\":[\"https:\\\/\\\/documentauniversitaria.store\\\/es\\\/colecciones\\\/\"]}]},{\"@type\":\"ImageObject\",\"inLanguage\":\"es\",\"@id\":\"https:\\\/\\\/documentauniversitaria.store\\\/es\\\/colecciones\\\/#primaryimage\",\"url\":\"https:\\\/\\\/documentauniversitaria.store\\\/wp-content\\\/uploads\\\/2024\\\/07\\\/documenta-universitaria-simbol.webp\",\"contentUrl\":\"https:\\\/\\\/documentauniversitaria.store\\\/wp-content\\\/uploads\\\/2024\\\/07\\\/documenta-universitaria-simbol.webp\",\"width\":247,\"height\":247,\"caption\":\"Anagrama de la marca Documenta Universitaria\"},{\"@type\":\"BreadcrumbList\",\"@id\":\"https:\\\/\\\/documentauniversitaria.store\\\/es\\\/colecciones\\\/#breadcrumb\",\"itemListElement\":[{\"@type\":\"ListItem\",\"position\":1,\"name\":\"Inici\",\"item\":\"https:\\\/\\\/documentauniversitaria.store\\\/es\\\/la-editorial\\\/\"},{\"@type\":\"ListItem\",\"position\":2,\"name\":\"Colecciones\"}]},{\"@type\":\"WebSite\",\"@id\":\"https:\\\/\\\/documentauniversitaria.store\\\/es\\\/#website\",\"url\":\"https:\\\/\\\/documentauniversitaria.store\\\/es\\\/\",\"name\":\"Documenta Universitaria\",\"description\":\"Publicaci\u00f3 de texts acad\u00e8mics\",\"publisher\":{\"@id\":\"https:\\\/\\\/documentauniversitaria.store\\\/es\\\/#organization\"},\"potentialAction\":[{\"@type\":\"SearchAction\",\"target\":{\"@type\":\"EntryPoint\",\"urlTemplate\":\"https:\\\/\\\/documentauniversitaria.store\\\/es\\\/?s={search_term_string}\"},\"query-input\":{\"@type\":\"PropertyValueSpecification\",\"valueRequired\":true,\"valueName\":\"search_term_string\"}}],\"inLanguage\":\"es\"},{\"@type\":\"Organization\",\"@id\":\"https:\\\/\\\/documentauniversitaria.store\\\/es\\\/#organization\",\"name\":\"Documenta Universitaria\",\"url\":\"https:\\\/\\\/documentauniversitaria.store\\\/es\\\/\",\"logo\":{\"@type\":\"ImageObject\",\"inLanguage\":\"es\",\"@id\":\"https:\\\/\\\/documentauniversitaria.store\\\/es\\\/#\\\/schema\\\/logo\\\/image\\\/\",\"url\":\"https:\\\/\\\/documentauniversitaria.store\\\/wp-content\\\/uploads\\\/2024\\\/08\\\/documenta-universitaria-simbol-2.webp\",\"contentUrl\":\"https:\\\/\\\/documentauniversitaria.store\\\/wp-content\\\/uploads\\\/2024\\\/08\\\/documenta-universitaria-simbol-2.webp\",\"width\":180,\"height\":180,\"caption\":\"Documenta Universitaria\"},\"image\":{\"@id\":\"https:\\\/\\\/documentauniversitaria.store\\\/es\\\/#\\\/schema\\\/logo\\\/image\\\/\"}}]}<\/script>\n<!-- \/ Yoast SEO plugin. -->","yoast_head_json":{"title":"Colecciones de libros acad\u00e9micos - Documenta Universitaria","description":"Explora las colecciones de libros acad\u00e9micos de Documenta Universitaria. Publicaciones clasificadas por tem\u00e1tica y \u00e1mbito de especializaci\u00f3n.","robots":{"index":"index","follow":"follow","max-snippet":"max-snippet:-1","max-image-preview":"max-image-preview:large","max-video-preview":"max-video-preview:-1"},"canonical":"https:\/\/documentauniversitaria.store\/es\/colecciones\/","og_locale":"es_ES","og_type":"article","og_title":"Colecciones de libros acad\u00e9micos - Documenta Universitaria","og_description":"Explora las colecciones de libros acad\u00e9micos de Documenta Universitaria. Publicaciones clasificadas por tem\u00e1tica y \u00e1mbito de especializaci\u00f3n.","og_url":"https:\/\/documentauniversitaria.store\/es\/colecciones\/","og_site_name":"Documenta Universitaria","article_modified_time":"2025-04-24T11:16:16+00:00","og_image":[{"width":247,"height":247,"url":"https:\/\/documentauniversitaria.store\/wp-content\/uploads\/2024\/07\/documenta-universitaria-simbol.webp","type":"image\/webp"}],"twitter_card":"summary_large_image","schema":{"@context":"https:\/\/schema.org","@graph":[{"@type":"WebPage","@id":"https:\/\/documentauniversitaria.store\/es\/colecciones\/","url":"https:\/\/documentauniversitaria.store\/es\/colecciones\/","name":"Colecciones de libros acad\u00e9micos - Documenta Universitaria","isPartOf":{"@id":"https:\/\/documentauniversitaria.store\/es\/#website"},"primaryImageOfPage":{"@id":"https:\/\/documentauniversitaria.store\/es\/colecciones\/#primaryimage"},"image":{"@id":"https:\/\/documentauniversitaria.store\/es\/colecciones\/#primaryimage"},"thumbnailUrl":"https:\/\/documentauniversitaria.store\/wp-content\/uploads\/2024\/07\/documenta-universitaria-simbol.webp","datePublished":"2024-08-13T10:24:48+00:00","dateModified":"2025-04-24T11:16:16+00:00","description":"Explora las colecciones de libros acad\u00e9micos de Documenta Universitaria. Publicaciones clasificadas por tem\u00e1tica y \u00e1mbito de especializaci\u00f3n.","breadcrumb":{"@id":"https:\/\/documentauniversitaria.store\/es\/colecciones\/#breadcrumb"},"inLanguage":"es","potentialAction":[{"@type":"ReadAction","target":["https:\/\/documentauniversitaria.store\/es\/colecciones\/"]}]},{"@type":"ImageObject","inLanguage":"es","@id":"https:\/\/documentauniversitaria.store\/es\/colecciones\/#primaryimage","url":"https:\/\/documentauniversitaria.store\/wp-content\/uploads\/2024\/07\/documenta-universitaria-simbol.webp","contentUrl":"https:\/\/documentauniversitaria.store\/wp-content\/uploads\/2024\/07\/documenta-universitaria-simbol.webp","width":247,"height":247,"caption":"Anagrama de la marca Documenta Universitaria"},{"@type":"BreadcrumbList","@id":"https:\/\/documentauniversitaria.store\/es\/colecciones\/#breadcrumb","itemListElement":[{"@type":"ListItem","position":1,"name":"Inici","item":"https:\/\/documentauniversitaria.store\/es\/la-editorial\/"},{"@type":"ListItem","position":2,"name":"Colecciones"}]},{"@type":"WebSite","@id":"https:\/\/documentauniversitaria.store\/es\/#website","url":"https:\/\/documentauniversitaria.store\/es\/","name":"Documenta Universitaria","description":"Publicaci\u00f3 de texts acad\u00e8mics","publisher":{"@id":"https:\/\/documentauniversitaria.store\/es\/#organization"},"potentialAction":[{"@type":"SearchAction","target":{"@type":"EntryPoint","urlTemplate":"https:\/\/documentauniversitaria.store\/es\/?s={search_term_string}"},"query-input":{"@type":"PropertyValueSpecification","valueRequired":true,"valueName":"search_term_string"}}],"inLanguage":"es"},{"@type":"Organization","@id":"https:\/\/documentauniversitaria.store\/es\/#organization","name":"Documenta Universitaria","url":"https:\/\/documentauniversitaria.store\/es\/","logo":{"@type":"ImageObject","inLanguage":"es","@id":"https:\/\/documentauniversitaria.store\/es\/#\/schema\/logo\/image\/","url":"https:\/\/documentauniversitaria.store\/wp-content\/uploads\/2024\/08\/documenta-universitaria-simbol-2.webp","contentUrl":"https:\/\/documentauniversitaria.store\/wp-content\/uploads\/2024\/08\/documenta-universitaria-simbol-2.webp","width":180,"height":180,"caption":"Documenta Universitaria"},"image":{"@id":"https:\/\/documentauniversitaria.store\/es\/#\/schema\/logo\/image\/"}}]}},"_links":{"self":[{"href":"https:\/\/documentauniversitaria.store\/es\/wp-json\/wp\/v2\/pages\/13516","targetHints":{"allow":["GET"]}}],"collection":[{"href":"https:\/\/documentauniversitaria.store\/es\/wp-json\/wp\/v2\/pages"}],"about":[{"href":"https:\/\/documentauniversitaria.store\/es\/wp-json\/wp\/v2\/types\/page"}],"author":[{"embeddable":true,"href":"https:\/\/documentauniversitaria.store\/es\/wp-json\/wp\/v2\/users\/1"}],"replies":[{"embeddable":true,"href":"https:\/\/documentauniversitaria.store\/es\/wp-json\/wp\/v2\/comments?post=13516"}],"version-history":[{"count":3,"href":"https:\/\/documentauniversitaria.store\/es\/wp-json\/wp\/v2\/pages\/13516\/revisions"}],"predecessor-version":[{"id":15206,"href":"https:\/\/documentauniversitaria.store\/es\/wp-json\/wp\/v2\/pages\/13516\/revisions\/15206"}],"wp:featuredmedia":[{"embeddable":true,"href":"https:\/\/documentauniversitaria.store\/es\/wp-json\/wp\/v2\/media\/48"}],"wp:attachment":[{"href":"https:\/\/documentauniversitaria.store\/es\/wp-json\/wp\/v2\/media?parent=13516"}],"curies":[{"name":"wp","href":"https:\/\/api.w.org\/{rel}","templated":true}]}}