{"id":13517,"date":"2024-08-13T09:12:20","date_gmt":"2024-08-13T07:12:20","guid":{"rendered":"https:\/\/documentauniversitaria.store\/politica-de-cookies\/"},"modified":"2025-04-24T16:27:56","modified_gmt":"2025-04-24T14:27:56","slug":"politica-de-cookies","status":"publish","type":"page","link":"https:\/\/documentauniversitaria.store\/es\/politica-de-cookies\/","title":{"rendered":"Pol\u00edtica de cookies"},"content":{"rendered":"\t\t<div data-elementor-type=\"wp-page\" data-elementor-id=\"13517\" class=\"elementor elementor-13517 elementor-12814\" data-elementor-post-type=\"page\">\n\t\t\t\t<div class=\"elementor-element elementor-element-73614514 e-flex e-con-boxed e-con e-parent\" data-id=\"73614514\" data-element_type=\"container\" data-e-type=\"container\">\n\t\t\t\t\t<div class=\"e-con-inner\">\n\t\t\t\t<div class=\"elementor-element elementor-element-1c887cce elementor-widget elementor-widget-spacer\" data-id=\"1c887cce\" data-element_type=\"widget\" data-e-type=\"widget\" data-widget_type=\"spacer.default\">\n\t\t\t\t<div class=\"elementor-widget-container\">\n\t\t\t\t\t\t\t<div class=\"elementor-spacer\">\n\t\t\t<div class=\"elementor-spacer-inner\"><\/div>\n\t\t<\/div>\n\t\t\t\t\t\t<\/div>\n\t\t\t\t<\/div>\n\t\t\t\t<div class=\"elementor-element elementor-element-4ec281ca elementor-widget elementor-widget-heading\" data-id=\"4ec281ca\" data-element_type=\"widget\" data-e-type=\"widget\" data-widget_type=\"heading.default\">\n\t\t\t\t<div class=\"elementor-widget-container\">\n\t\t\t\t\t<h2 class=\"elementor-heading-title elementor-size-default\">Pol\u00edtica de cookies<\/h2>\t\t\t\t<\/div>\n\t\t\t\t<\/div>\n\t\t\t\t<div class=\"elementor-element elementor-element-6a7f51f2 elementor-widget elementor-widget-text-editor\" data-id=\"6a7f51f2\" data-element_type=\"widget\" data-e-type=\"widget\" data-widget_type=\"text-editor.default\">\n\t\t\t\t<div class=\"elementor-widget-container\">\n\t\t\t\t\t\t\t\t\t<p><strong>Pol\u00edtica sobre <em>cookies<\/em><\/strong><\/p><p>Nuestro sitio web utiliza una tecnolog\u00eda llamada \u201ccookie\u201d, con el fin de poder obtener informaci\u00f3n sobre el uso del sitio web, mejorar la experiencia del usuario y garantizar su correcto funcionamiento.<\/p><p><strong>Definici\u00f3n de <em>Cookie<\/em><\/strong><\/p><p>Una \u201ccookie\u201d es un peque\u00f1o fragmento de texto que los sitios web env\u00edan al navegador y que se almacenan en el terminal del usuario, (ordenador o dispositivo m\u00f3vil). Estos archivos tienen la finalidad de almacenar datos que podr\u00e1n ser actualizados y recuperados por la entidad responsable de su instalaci\u00f3n. As\u00ed, cada vez que el usuario vuelve a visitar el mismo sitio web, el explorador recupera el archivo y lo env\u00eda al servidor del sitio web. Las <em>cookies<\/em> tienen diversas funciones entre las que se incluyen, la de recoger informaci\u00f3n sobre las preferencias del usuario y recordarla, y en general, facilitar el uso del sitio web al usuario haciendo que el sitio sea m\u00e1s \u00fatil al personalizar su contenido.   <\/p><p>Las <em>cookies<\/em> se pueden clasificar en base a distintos par\u00e1metros:<\/p><ol><li>Titularidad: <em>cookies<\/em> propias y <em>cookies<\/em> de terceros: dependiendo de cu\u00e1l sea la entidad que gestione el dominio desde donde se env\u00edan las <em>cookies<\/em> y se traten los datos que se obtengan.<\/li><li>Duraci\u00f3n: <em>cookies<\/em> de sesi\u00f3n y <em>cookies<\/em> persistentes: de acuerdo con el plazo de tiempo que permanecen almacenadas en el terminal del usuario.<\/li><li>Finalidad: <em>cookies<\/em> t\u00e9cnicas, <em>cookies<\/em> de personalizaci\u00f3n, <em>cookies<\/em> de an\u00e1lisis, <em>cookies<\/em> publicitarias, <em>cookies<\/em> de publicidad comportamental: de acuerdo con la finalidad para la que se traten los datos obtenidos.<\/li><\/ol><p><em>Cookies<\/em> t\u00e9cnicas: Son aqu\u00e9llas que permiten al usuario la navegaci\u00f3n a trav\u00e9s de la p\u00e1gina web o aplicaci\u00f3n y la utilizaci\u00f3n de las diferentes opciones o servicios que en ella existen. Por ejemplo, controlar el tr\u00e1fico y la comunicaci\u00f3n de datos, identificar la sesi\u00f3n o acceder a las partes web de acceso restringido. <\/p><p><em>Cookies<\/em> de personalizaci\u00f3n: Son aquellas que permiten al usuario acceder al servicio con algunas caracter\u00edsticas de car\u00e1cter general predefinidas en su terminal o que el propio usuario defina. Por ejemplo, el idioma, el tipo de navegador a trav\u00e9s del cual accede al servicio o dise\u00f1o de contenidos seleccionado. <\/p><p><em>Cookies<\/em> de an\u00e1lisis: Son aquellas que o bien tratadas por nosotros o por terceros, nos permiten cuantificar el n\u00famero de usuarios y as\u00ed realizar el an\u00e1lisis estad\u00edstico de la utilizaci\u00f3n que realizan los usuarios del servicio ofrecido. Por eso se analiza su navegaci\u00f3n en nuestra p\u00e1gina web para mejorar la oferta de productos o servicios que le ofrecemos. <\/p><p><em>Cookies<\/em> publicitarias: Son aquellas que permiten la gesti\u00f3n, de la forma m\u00e1s eficaz posible, de los espacios publicitarios que, en su caso, el editor haya incluido en una p\u00e1gina web, aplicaci\u00f3n o plataforma desde la que presta el servicio solicitado sobre la misma base de criterios como el contenido editado o la frecuencia en la que se muestran los anuncios.<\/p><p><em>Cookies<\/em> de publicidad comportamental: Son aquellas que permiten la gesti\u00f3n, de la forma m\u00e1s eficaz posible, de los espacios publicitarios que, en su caso, el editor haya incluido en una p\u00e1gina web, aplicaci\u00f3n o plataforma desde la que presta el servicio solicitado . Estas <em>cookies<\/em> almacenan informaci\u00f3n del comportamiento de los usuarios obtenida a trav\u00e9s de la observaci\u00f3n continua de sus h\u00e1bitos de navegaci\u00f3n, lo que permite desarrollar un perfil espec\u00edfico para mostrar publicidad en funci\u00f3n del mismo. <\/p><p><strong><em>Cookies<\/em> utilizadas en nuestro sitio web<\/strong><\/p><p>Nuestro sitio web utiliza <em>cookies<\/em> propias, que son las enviadas a su ordenador y gestionadas exclusivamente por nosotros para el mejor funcionamiento del sitio web.<\/p><p>Nuestro sitio web utiliza tanto <em>cookies<\/em> temporales de sesi\u00f3n como <em>cookies<\/em> persistentes. Las <em>cookies<\/em> de sesi\u00f3n almacenan datos \u00fanicamente mientras el usuario accede a la web y las <em>cookies<\/em> persistentes almacenan los datos en el terminal para que sean accedidas y utilizadas en m\u00e1s de una sesi\u00f3n. <\/p><p>Concretamente las <em>cookies<\/em> utilizadas en nuestro sitio web son <em>cookies<\/em> propias de car\u00e1cter t\u00e9cnico, fundamentales para el funcionamiento de la web y relacionadas con el consentimiento por el uso de <em>cookies<\/em> .<\/p><p><strong>Consentimiento<\/strong><\/p><p>Navegando y continuando en nuestro sitio web el usuario estar\u00e1 consintiendo el uso de las <em>cookies<\/em> antes enunciadas, por los plazos se\u00f1alados y en las condiciones contenidas en la presente Pol\u00edtica de <em>Cookies<\/em><\/p><p><strong>Retirada del consentimiento<\/strong><\/p><p>El usuario podr\u00e1 retirar en cualquier momento su consentimiento relacionado con esta Pol\u00edtica de <em>Cookies<\/em> , por lo que deber\u00e1 eliminar las <em>cookies<\/em> almacenadas en su equipo utilizando los ajustes y configuraciones de su navegador de Internet.<\/p><p><strong>Modificaci\u00f3n de la configuraci\u00f3n de las <em>cookies<\/em><\/strong><\/p><p>El usuario puede restringir, bloquear o borrar las <em>cookies<\/em> de cualquier sitio web, utilizando su navegador. En cada navegador la operativa es diferente, por lo que puede consultar en los siguientes enlaces la forma de hacerlo: <\/p><ul><li>Internet Explorer<\/li><li>FireFox<\/li><li>Chrome<\/li><li>Safari<\/li><li>Opera<\/li><li>Windows Phone<\/li><\/ul><p><strong>Actualizaci\u00f3n de la pol\u00edtica de <em>cookies<\/em><\/strong><\/p><p>Este sitio web puede modificar esta Pol\u00edtica sobre <em>Cookies<\/em> , por eso le recomendamos revisar esta pol\u00edtica cada vez que acceda a nuestro sitio web con el fin de estar adecuadamente informado sobre el uso que hacemos de las <em>cookies<\/em> .<\/p><p>Fecha de la \u00faltima actualizaci\u00f3n: 25 de mayo de 2017<\/p>\t\t\t\t\t\t\t\t<\/div>\n\t\t\t\t<\/div>\n\t\t\t\t<div class=\"elementor-element elementor-element-2f9c1135 elementor-widget elementor-widget-spacer\" data-id=\"2f9c1135\" data-element_type=\"widget\" data-e-type=\"widget\" data-widget_type=\"spacer.default\">\n\t\t\t\t<div class=\"elementor-widget-container\">\n\t\t\t\t\t\t\t<div class=\"elementor-spacer\">\n\t\t\t<div class=\"elementor-spacer-inner\"><\/div>\n\t\t<\/div>\n\t\t\t\t\t\t<\/div>\n\t\t\t\t<\/div>\n\t\t\t\t\t<\/div>\n\t\t\t\t<\/div>\n\t\t\t\t<\/div>\n\t\t","protected":false},"excerpt":{"rendered":"<p>Pol\u00edtica de cookies Pol\u00edtica sobre cookies Nuestro sitio web utiliza una tecnolog\u00eda llamada \u201ccookie\u201d, con el fin de poder obtener informaci\u00f3n sobre el uso del sitio web, mejorar la experiencia del usuario y garantizar su correcto funcionamiento. Definici\u00f3n de Cookie Una \u201ccookie\u201d es un peque\u00f1o fragmento de texto que los sitios web env\u00edan al navegador [&hellip;]<\/p>\n","protected":false},"author":1,"featured_media":48,"parent":0,"menu_order":0,"comment_status":"closed","ping_status":"closed","template":"elementor_header_footer","meta":{"footnotes":""},"class_list":["post-13517","page","type-page","status-publish","has-post-thumbnail","hentry"],"yoast_head":"<!-- This site is optimized with the Yoast SEO plugin v27.5 - https:\/\/yoast.com\/product\/yoast-seo-wordpress\/ -->\n<title>Pol\u00edtica de cookies - Documenta Universitaria<\/title>\n<meta name=\"description\" content=\"Pol\u00edtica de cookies de Documenta Universitaria: tipos de cookies, finalidades, gesti\u00f3n del consentimiento y c\u00f3mo configurarlas en tu navegador.\" \/>\n<meta name=\"robots\" content=\"index, follow, max-snippet:-1, max-image-preview:large, max-video-preview:-1\" \/>\n<link rel=\"canonical\" href=\"https:\/\/documentauniversitaria.store\/es\/politica-de-cookies\/\" \/>\n<meta property=\"og:locale\" content=\"es_ES\" \/>\n<meta property=\"og:type\" content=\"article\" \/>\n<meta property=\"og:title\" content=\"Pol\u00edtica de cookies - Documenta Universitaria\" \/>\n<meta property=\"og:description\" content=\"Pol\u00edtica de cookies de Documenta Universitaria: tipos de cookies, finalidades, gesti\u00f3n del consentimiento y c\u00f3mo configurarlas en tu navegador.\" \/>\n<meta property=\"og:url\" content=\"https:\/\/documentauniversitaria.store\/es\/politica-de-cookies\/\" \/>\n<meta property=\"og:site_name\" content=\"Documenta Universitaria\" \/>\n<meta property=\"article:modified_time\" content=\"2025-04-24T14:27:56+00:00\" \/>\n<meta property=\"og:image\" content=\"https:\/\/documentauniversitaria.store\/wp-content\/uploads\/2024\/07\/documenta-universitaria-simbol.webp\" \/>\n\t<meta property=\"og:image:width\" content=\"247\" \/>\n\t<meta property=\"og:image:height\" content=\"247\" \/>\n\t<meta property=\"og:image:type\" content=\"image\/webp\" \/>\n<meta name=\"twitter:card\" content=\"summary_large_image\" \/>\n<meta name=\"twitter:label1\" content=\"Tiempo de lectura\" \/>\n\t<meta name=\"twitter:data1\" content=\"4 minutos\" \/>\n<script type=\"application\/ld+json\" class=\"yoast-schema-graph\">{\"@context\":\"https:\\\/\\\/schema.org\",\"@graph\":[{\"@type\":\"WebPage\",\"@id\":\"https:\\\/\\\/documentauniversitaria.store\\\/es\\\/politica-de-cookies\\\/\",\"url\":\"https:\\\/\\\/documentauniversitaria.store\\\/es\\\/politica-de-cookies\\\/\",\"name\":\"Pol\u00edtica de cookies - Documenta Universitaria\",\"isPartOf\":{\"@id\":\"https:\\\/\\\/documentauniversitaria.store\\\/es\\\/#website\"},\"primaryImageOfPage\":{\"@id\":\"https:\\\/\\\/documentauniversitaria.store\\\/es\\\/politica-de-cookies\\\/#primaryimage\"},\"image\":{\"@id\":\"https:\\\/\\\/documentauniversitaria.store\\\/es\\\/politica-de-cookies\\\/#primaryimage\"},\"thumbnailUrl\":\"https:\\\/\\\/documentauniversitaria.store\\\/wp-content\\\/uploads\\\/2024\\\/07\\\/documenta-universitaria-simbol.webp\",\"datePublished\":\"2024-08-13T07:12:20+00:00\",\"dateModified\":\"2025-04-24T14:27:56+00:00\",\"description\":\"Pol\u00edtica de cookies de Documenta Universitaria: tipos de cookies, finalidades, gesti\u00f3n del consentimiento y c\u00f3mo configurarlas en tu navegador.\",\"breadcrumb\":{\"@id\":\"https:\\\/\\\/documentauniversitaria.store\\\/es\\\/politica-de-cookies\\\/#breadcrumb\"},\"inLanguage\":\"es\",\"potentialAction\":[{\"@type\":\"ReadAction\",\"target\":[\"https:\\\/\\\/documentauniversitaria.store\\\/es\\\/politica-de-cookies\\\/\"]}]},{\"@type\":\"ImageObject\",\"inLanguage\":\"es\",\"@id\":\"https:\\\/\\\/documentauniversitaria.store\\\/es\\\/politica-de-cookies\\\/#primaryimage\",\"url\":\"https:\\\/\\\/documentauniversitaria.store\\\/wp-content\\\/uploads\\\/2024\\\/07\\\/documenta-universitaria-simbol.webp\",\"contentUrl\":\"https:\\\/\\\/documentauniversitaria.store\\\/wp-content\\\/uploads\\\/2024\\\/07\\\/documenta-universitaria-simbol.webp\",\"width\":247,\"height\":247,\"caption\":\"Anagrama de la marca Documenta Universitaria\"},{\"@type\":\"BreadcrumbList\",\"@id\":\"https:\\\/\\\/documentauniversitaria.store\\\/es\\\/politica-de-cookies\\\/#breadcrumb\",\"itemListElement\":[{\"@type\":\"ListItem\",\"position\":1,\"name\":\"Inici\",\"item\":\"https:\\\/\\\/documentauniversitaria.store\\\/es\\\/la-editorial\\\/\"},{\"@type\":\"ListItem\",\"position\":2,\"name\":\"Pol\u00edtica de cookies\"}]},{\"@type\":\"WebSite\",\"@id\":\"https:\\\/\\\/documentauniversitaria.store\\\/es\\\/#website\",\"url\":\"https:\\\/\\\/documentauniversitaria.store\\\/es\\\/\",\"name\":\"Documenta Universitaria\",\"description\":\"Publicaci\u00f3 de texts acad\u00e8mics\",\"publisher\":{\"@id\":\"https:\\\/\\\/documentauniversitaria.store\\\/es\\\/#organization\"},\"potentialAction\":[{\"@type\":\"SearchAction\",\"target\":{\"@type\":\"EntryPoint\",\"urlTemplate\":\"https:\\\/\\\/documentauniversitaria.store\\\/es\\\/?s={search_term_string}\"},\"query-input\":{\"@type\":\"PropertyValueSpecification\",\"valueRequired\":true,\"valueName\":\"search_term_string\"}}],\"inLanguage\":\"es\"},{\"@type\":\"Organization\",\"@id\":\"https:\\\/\\\/documentauniversitaria.store\\\/es\\\/#organization\",\"name\":\"Documenta Universitaria\",\"url\":\"https:\\\/\\\/documentauniversitaria.store\\\/es\\\/\",\"logo\":{\"@type\":\"ImageObject\",\"inLanguage\":\"es\",\"@id\":\"https:\\\/\\\/documentauniversitaria.store\\\/es\\\/#\\\/schema\\\/logo\\\/image\\\/\",\"url\":\"https:\\\/\\\/documentauniversitaria.store\\\/wp-content\\\/uploads\\\/2024\\\/08\\\/documenta-universitaria-simbol-2.webp\",\"contentUrl\":\"https:\\\/\\\/documentauniversitaria.store\\\/wp-content\\\/uploads\\\/2024\\\/08\\\/documenta-universitaria-simbol-2.webp\",\"width\":180,\"height\":180,\"caption\":\"Documenta Universitaria\"},\"image\":{\"@id\":\"https:\\\/\\\/documentauniversitaria.store\\\/es\\\/#\\\/schema\\\/logo\\\/image\\\/\"}}]}<\/script>\n<!-- \/ Yoast SEO plugin. -->","yoast_head_json":{"title":"Pol\u00edtica de cookies - Documenta Universitaria","description":"Pol\u00edtica de cookies de Documenta Universitaria: tipos de cookies, finalidades, gesti\u00f3n del consentimiento y c\u00f3mo configurarlas en tu navegador.","robots":{"index":"index","follow":"follow","max-snippet":"max-snippet:-1","max-image-preview":"max-image-preview:large","max-video-preview":"max-video-preview:-1"},"canonical":"https:\/\/documentauniversitaria.store\/es\/politica-de-cookies\/","og_locale":"es_ES","og_type":"article","og_title":"Pol\u00edtica de cookies - Documenta Universitaria","og_description":"Pol\u00edtica de cookies de Documenta Universitaria: tipos de cookies, finalidades, gesti\u00f3n del consentimiento y c\u00f3mo configurarlas en tu navegador.","og_url":"https:\/\/documentauniversitaria.store\/es\/politica-de-cookies\/","og_site_name":"Documenta Universitaria","article_modified_time":"2025-04-24T14:27:56+00:00","og_image":[{"width":247,"height":247,"url":"https:\/\/documentauniversitaria.store\/wp-content\/uploads\/2024\/07\/documenta-universitaria-simbol.webp","type":"image\/webp"}],"twitter_card":"summary_large_image","twitter_misc":{"Tiempo de lectura":"4 minutos"},"schema":{"@context":"https:\/\/schema.org","@graph":[{"@type":"WebPage","@id":"https:\/\/documentauniversitaria.store\/es\/politica-de-cookies\/","url":"https:\/\/documentauniversitaria.store\/es\/politica-de-cookies\/","name":"Pol\u00edtica de cookies - Documenta Universitaria","isPartOf":{"@id":"https:\/\/documentauniversitaria.store\/es\/#website"},"primaryImageOfPage":{"@id":"https:\/\/documentauniversitaria.store\/es\/politica-de-cookies\/#primaryimage"},"image":{"@id":"https:\/\/documentauniversitaria.store\/es\/politica-de-cookies\/#primaryimage"},"thumbnailUrl":"https:\/\/documentauniversitaria.store\/wp-content\/uploads\/2024\/07\/documenta-universitaria-simbol.webp","datePublished":"2024-08-13T07:12:20+00:00","dateModified":"2025-04-24T14:27:56+00:00","description":"Pol\u00edtica de cookies de Documenta Universitaria: tipos de cookies, finalidades, gesti\u00f3n del consentimiento y c\u00f3mo configurarlas en tu navegador.","breadcrumb":{"@id":"https:\/\/documentauniversitaria.store\/es\/politica-de-cookies\/#breadcrumb"},"inLanguage":"es","potentialAction":[{"@type":"ReadAction","target":["https:\/\/documentauniversitaria.store\/es\/politica-de-cookies\/"]}]},{"@type":"ImageObject","inLanguage":"es","@id":"https:\/\/documentauniversitaria.store\/es\/politica-de-cookies\/#primaryimage","url":"https:\/\/documentauniversitaria.store\/wp-content\/uploads\/2024\/07\/documenta-universitaria-simbol.webp","contentUrl":"https:\/\/documentauniversitaria.store\/wp-content\/uploads\/2024\/07\/documenta-universitaria-simbol.webp","width":247,"height":247,"caption":"Anagrama de la marca Documenta Universitaria"},{"@type":"BreadcrumbList","@id":"https:\/\/documentauniversitaria.store\/es\/politica-de-cookies\/#breadcrumb","itemListElement":[{"@type":"ListItem","position":1,"name":"Inici","item":"https:\/\/documentauniversitaria.store\/es\/la-editorial\/"},{"@type":"ListItem","position":2,"name":"Pol\u00edtica de cookies"}]},{"@type":"WebSite","@id":"https:\/\/documentauniversitaria.store\/es\/#website","url":"https:\/\/documentauniversitaria.store\/es\/","name":"Documenta Universitaria","description":"Publicaci\u00f3 de texts acad\u00e8mics","publisher":{"@id":"https:\/\/documentauniversitaria.store\/es\/#organization"},"potentialAction":[{"@type":"SearchAction","target":{"@type":"EntryPoint","urlTemplate":"https:\/\/documentauniversitaria.store\/es\/?s={search_term_string}"},"query-input":{"@type":"PropertyValueSpecification","valueRequired":true,"valueName":"search_term_string"}}],"inLanguage":"es"},{"@type":"Organization","@id":"https:\/\/documentauniversitaria.store\/es\/#organization","name":"Documenta Universitaria","url":"https:\/\/documentauniversitaria.store\/es\/","logo":{"@type":"ImageObject","inLanguage":"es","@id":"https:\/\/documentauniversitaria.store\/es\/#\/schema\/logo\/image\/","url":"https:\/\/documentauniversitaria.store\/wp-content\/uploads\/2024\/08\/documenta-universitaria-simbol-2.webp","contentUrl":"https:\/\/documentauniversitaria.store\/wp-content\/uploads\/2024\/08\/documenta-universitaria-simbol-2.webp","width":180,"height":180,"caption":"Documenta Universitaria"},"image":{"@id":"https:\/\/documentauniversitaria.store\/es\/#\/schema\/logo\/image\/"}}]}},"_links":{"self":[{"href":"https:\/\/documentauniversitaria.store\/es\/wp-json\/wp\/v2\/pages\/13517","targetHints":{"allow":["GET"]}}],"collection":[{"href":"https:\/\/documentauniversitaria.store\/es\/wp-json\/wp\/v2\/pages"}],"about":[{"href":"https:\/\/documentauniversitaria.store\/es\/wp-json\/wp\/v2\/types\/page"}],"author":[{"embeddable":true,"href":"https:\/\/documentauniversitaria.store\/es\/wp-json\/wp\/v2\/users\/1"}],"replies":[{"embeddable":true,"href":"https:\/\/documentauniversitaria.store\/es\/wp-json\/wp\/v2\/comments?post=13517"}],"version-history":[{"count":2,"href":"https:\/\/documentauniversitaria.store\/es\/wp-json\/wp\/v2\/pages\/13517\/revisions"}],"predecessor-version":[{"id":15218,"href":"https:\/\/documentauniversitaria.store\/es\/wp-json\/wp\/v2\/pages\/13517\/revisions\/15218"}],"wp:featuredmedia":[{"embeddable":true,"href":"https:\/\/documentauniversitaria.store\/es\/wp-json\/wp\/v2\/media\/48"}],"wp:attachment":[{"href":"https:\/\/documentauniversitaria.store\/es\/wp-json\/wp\/v2\/media?parent=13517"}],"curies":[{"name":"wp","href":"https:\/\/api.w.org\/{rel}","templated":true}]}}