{"id":13553,"date":"2024-08-13T09:14:19","date_gmt":"2024-08-13T07:14:19","guid":{"rendered":"https:\/\/documentauniversitaria.store\/aviso-legal\/"},"modified":"2025-04-24T13:07:56","modified_gmt":"2025-04-24T11:07:56","slug":"aviso-legal","status":"publish","type":"page","link":"https:\/\/documentauniversitaria.store\/es\/aviso-legal\/","title":{"rendered":"Aviso legal"},"content":{"rendered":"\t\t<div data-elementor-type=\"wp-page\" data-elementor-id=\"13553\" class=\"elementor elementor-13553 elementor-12820\" data-elementor-post-type=\"page\">\n\t\t\t\t<div class=\"elementor-element elementor-element-63ad14a9 e-flex e-con-boxed e-con e-parent\" data-id=\"63ad14a9\" data-element_type=\"container\" data-e-type=\"container\">\n\t\t\t\t\t<div class=\"e-con-inner\">\n\t\t\t\t<div class=\"elementor-element elementor-element-32f99aa3 elementor-widget elementor-widget-spacer\" data-id=\"32f99aa3\" data-element_type=\"widget\" data-e-type=\"widget\" data-widget_type=\"spacer.default\">\n\t\t\t\t<div class=\"elementor-widget-container\">\n\t\t\t\t\t\t\t<div class=\"elementor-spacer\">\n\t\t\t<div class=\"elementor-spacer-inner\"><\/div>\n\t\t<\/div>\n\t\t\t\t\t\t<\/div>\n\t\t\t\t<\/div>\n\t\t\t\t<div class=\"elementor-element elementor-element-6f09f3c4 elementor-widget elementor-widget-heading\" data-id=\"6f09f3c4\" data-element_type=\"widget\" data-e-type=\"widget\" data-widget_type=\"heading.default\">\n\t\t\t\t<div class=\"elementor-widget-container\">\n\t\t\t\t\t<h2 class=\"elementor-heading-title elementor-size-default\">Aviso legal<\/h2>\t\t\t\t<\/div>\n\t\t\t\t<\/div>\n\t\t\t\t<div class=\"elementor-element elementor-element-5373d7ad elementor-widget elementor-widget-text-editor\" data-id=\"5373d7ad\" data-element_type=\"widget\" data-e-type=\"widget\" data-widget_type=\"text-editor.default\">\n\t\t\t\t<div class=\"elementor-widget-container\">\n\t\t\t\t\t\t\t\t\t<p><strong>El titular de esta web es:<\/strong><\/p><p>Edicions A Petici\u00f3, SL (en adelante EAP)<br>CIF B17741240<br>Parque Cient\u00edfico y Tecnol\u00f3gico de la UdG. Edificio Giroempren &#8211; Despacho A1.18. C\/ Pico de Peguera 11. 17003, Girona<br>Tel. +34 902 44 00 12 \u2013 Fax +34 972 18 34 57<br>Email: eap@edicionsapeticio.com<br>Inscrita en el Registro Mercantil de Girona, en el Volumen 1919, Folio 108, Secci\u00f3n 8, hoja n\u00fam. GI-31787, inscripci\u00f3n 1a     <\/p><p>Edicions A Petici\u00f3, SL, se dedica a la edici\u00f3n y publicaci\u00f3n de libros bajo pedido.<\/p><p><strong>Pol\u00edtica de privacidad<\/strong><\/p><p>EAP se compromete a proteger la privacidad de los usuarios que accedan a esta web y\/o cualquiera de sus servicios. La utilizaci\u00f3n de la web y\/o de cualquiera de los servicios ofrecidos por EAP implica la aceptaci\u00f3n por el usuario de las disposiciones contenidas en la presente Pol\u00edtica de Privacidad y que sus datos personales sean tratados seg\u00fan se estipula en ella. Por favor, tenga en cuenta que aunque pueda haber enlaces de nuestra web a otras webs, esta Pol\u00edtica de Privacidad no se aplica a las webs de otras compa\u00f1\u00edas u organizaciones a las que la web est\u00e9 redirigida. EAP no controla el contenido de las webs de terceros, ni acepta cualquier responsabilidad por el contenido o las pol\u00edticas de privacidad de estas webs.   <\/p><ol><li>Derecho de informaci\u00f3n: En virtud de lo que establece la Ley Org\u00e1nica 15\/1999, de 13 de diciembre, sobre Protecci\u00f3n de Datos de Car\u00e1cter Personal (LOPD), EAP informa a los usuarios de este sitio web y de cualquiera de sus servicios, de la existencia de ficheros de datos de car\u00e1cter personal creados por Edicions A Petici\u00f3, SL y bajo su responsabilidad.<\/li><li>Finalidad: Los datos de los usuarios recogidos mediante nuestra p\u00e1gina web o mediante cualquier otro formulario o soporte, lo ser\u00e1n con la finalidad de gestionar su solicitud, nuestros servicios de edici\u00f3n y publicaci\u00f3n de libros bajo pedido, y mantener -le informado sobre ellos por cualquier medio de comunicaci\u00f3n, incluidos los medios electr\u00f3nicos, as\u00ed como para gestionar cualquier otra relaci\u00f3n que mantenga con nosotros.<\/li><li>Veracidad de los datos: El usuario garantiza que los datos personales facilitados son ciertos y se hace responsable de comunicar cualquier modificaci\u00f3n de los mismos. Los datos marcados con un asterisco ser\u00e1n obligatorios para poder darle el servicio solicitado. <\/li><li>Consentimiento del usuario: El suministro de sus datos implica la aceptaci\u00f3n de esta pol\u00edtica de privacidad, y supone el consentimiento expreso del usuario para el tratamiento de sus datos para la finalidad antes descrita, as\u00ed como para el env\u00edo de newsletters, comunicaciones v\u00eda correo postal, tel\u00e9fono, fax, SMS, correo electr\u00f3nico y cualquier medio telem\u00e1tico con informaci\u00f3n de los servicios y actividades de EAP, siempre que no nos haya indicado que no desea recibir este tipo de informaci\u00f3n.<\/li><li>Cesiones: EAP \u00fanicamente realizar\u00e1 cesiones de datos cuando sea necesario para el cumplimiento de los encargos de sus usuarios o cuando lo exija la legislaci\u00f3n vigente, para atender a sus obligaciones legales con las diferentes administraciones competentes.<\/li><li>Derechos de acceso, rectificaci\u00f3n, oposici\u00f3n y cancelaci\u00f3n: El usuario podr\u00e1 ejercer sus derechos de acceso, rectificaci\u00f3n, oposici\u00f3n y cancelaci\u00f3n en los t\u00e9rminos previstos en la LOPD y su normativa de desarrollo, dirigi\u00e9ndose a EAP, Parque Cient\u00edfico y Tecnol\u00f3gico de la UdG. Edificio Giroempren &#8211; Despacho A1.18. C\/ Pic de Peguera 11. 17003, Girona, mediante comunicaci\u00f3n escrita y fotocopia del DNI indicando la referencia LOPD, o en la direcci\u00f3n de correo electr\u00f3nico eap@edicionsapeticio.com. Asimismo, el usuario en cualquier momento podr\u00e1 comunicarnos, en esta misma direcci\u00f3n de correo electr\u00f3nico, que no desea recibir comunicaciones electr\u00f3nicas por parte de EAP.    <\/li><li>Medidas de seguridad: EAP le informa que ha adoptado las medidas t\u00e9cnicas y organizativas necesarias para mantener el nivel de seguridad requerido en el tratamiento de los datos de car\u00e1cter personal y tambi\u00e9n tiene los mecanismos necesarios para prevenir, en la medida de lo posible, l acceso no autorizado, robo, modificaciones il\u00edcitas y la p\u00e9rdida de datos.<\/li><li>Confidencialidad: En aplicaci\u00f3n de la normativa vigente, EAP se compromete a cumplir su obligaci\u00f3n de secreto respecto de los datos personales que el usuario le facilite.<\/li><li><em>Cookies<\/em> : EAP utiliza <em>cookies<\/em> durante la navegaci\u00f3n por su p\u00e1gina web. El usuario puede configurar su navegador para que le avise de la utilizaci\u00f3n de <em>cookies<\/em> y para evitar su uso. Por favor, visite nuestra Pol\u00edtica sobre <em>cookies<\/em> .  <\/li><li>Actualizaci\u00f3n de la Pol\u00edtica de Privacidad: EAP puede modificar y actualizar esta Pol\u00edtica de Privacidad en cualquier momento. Compruebe siempre que est\u00e1 al corriente de nuestra Pol\u00edtica de Privacidad. <\/li><\/ol><p><strong>Comunicaciones electr\u00f3nicas a personas jur\u00eddicas<\/strong><\/p><p>Suministrar datos empresariales mediante esta web autoriza a EAP a remitirle comunicaciones electr\u00f3nicas con informaci\u00f3n sobre nuestras actividades. La empresa podr\u00e1 indicarnos que no desea recibir este tipo de informaci\u00f3n envi\u00e1ndonos un correo a eap@edicionsapeticio.com, con el asunto BAJA. <\/p><p><strong>Propiedad intelectual e industrial<\/strong><\/p><p>Los contenidos de este sitio, incluyendo los textos, im\u00e1genes y dise\u00f1os gr\u00e1ficos, pertenecen a EAP, oa terceros que han autorizado su uso. EAP presenta estos contenidos con fines de informaci\u00f3n y publicidad. EAP autoriza su utilizaci\u00f3n exclusivamente con estas finalidades. Cualquier utilizaci\u00f3n de estos dise\u00f1os, im\u00e1genes o textos deber\u00e1 citar expresamente su pertenencia a EAP, quien se reserva el derecho a iniciar las acciones legales oportunas para reparar los da\u00f1os y perjuicios causados \u200b\u200bpor cualquier acto que vulnere sus derechos de propiedad intelectual o industrial.   <\/p><p><strong>Responsabilidad sobre los contenidos<\/strong><\/p><p>Aunque EAP act\u00faa con el m\u00e1ximo de diligencia posible, puede darse el caso de que alg\u00fan dato o informaci\u00f3n no est\u00e9 del todo actualizado en el momento que el usuario del sitio web lo consulte. Por eso, EAP manifiesta que las informaciones que se presentan en su sitio web tienen una funci\u00f3n orientativa y no obligan a EAP. <\/p><p>EAP no ser\u00e1 responsable de la informaci\u00f3n que pueda obtenerse a trav\u00e9s de enlaces incluidos en su web.<\/p><p><strong>Condiciones de uso<\/strong><\/p><p>El uso de esta web implica la plena aceptaci\u00f3n de los t\u00e9rminos y condiciones del presente aviso legal. Los posibles conflictos relativos a esta web se regir\u00e1n exclusivamente por el derecho del Estado espa\u00f1ol. Toda persona usuaria de la web, independientemente de la jurisdicci\u00f3n territorial desde la que se produzca su acceso, acepta el cumplimiento y respeto de estas cl\u00e1usulas con renuncia expresa a cualquier otro fuero que pudiera corresponderle.  <\/p>\t\t\t\t\t\t\t\t<\/div>\n\t\t\t\t<\/div>\n\t\t\t\t<div class=\"elementor-element elementor-element-6099e27c elementor-widget elementor-widget-spacer\" data-id=\"6099e27c\" data-element_type=\"widget\" data-e-type=\"widget\" data-widget_type=\"spacer.default\">\n\t\t\t\t<div class=\"elementor-widget-container\">\n\t\t\t\t\t\t\t<div class=\"elementor-spacer\">\n\t\t\t<div class=\"elementor-spacer-inner\"><\/div>\n\t\t<\/div>\n\t\t\t\t\t\t<\/div>\n\t\t\t\t<\/div>\n\t\t\t\t\t<\/div>\n\t\t\t\t<\/div>\n\t\t\t\t<\/div>\n\t\t","protected":false},"excerpt":{"rendered":"<p>Aviso legal El titular de esta web es: Edicions A Petici\u00f3, SL (en adelante EAP)CIF B17741240Parque Cient\u00edfico y Tecnol\u00f3gico de la UdG. Edificio Giroempren &#8211; Despacho A1.18. C\/ Pico de Peguera 11. 17003, GironaTel. +34 902 44 00 12 \u2013 Fax +34 972 18 34 57Email: eap@edicionsapeticio.comInscrita en el Registro Mercantil de Girona, en el [&hellip;]<\/p>\n","protected":false},"author":1,"featured_media":48,"parent":0,"menu_order":0,"comment_status":"closed","ping_status":"closed","template":"elementor_header_footer","meta":{"footnotes":""},"class_list":["post-13553","page","type-page","status-publish","has-post-thumbnail","hentry"],"yoast_head":"<!-- This site is optimized with the Yoast SEO plugin v27.5 - https:\/\/yoast.com\/product\/yoast-seo-wordpress\/ -->\n<title>Aviso legal - Documenta Universitaria<\/title>\n<meta name=\"description\" content=\"Consulta el aviso legal de Documenta Universitaria: informaci\u00f3n legal, datos fiscales, condiciones de uso y propiedad intelectual.\" \/>\n<meta name=\"robots\" content=\"index, follow, max-snippet:-1, max-image-preview:large, max-video-preview:-1\" \/>\n<link rel=\"canonical\" href=\"https:\/\/documentauniversitaria.store\/es\/aviso-legal\/\" \/>\n<meta property=\"og:locale\" content=\"es_ES\" \/>\n<meta property=\"og:type\" content=\"article\" \/>\n<meta property=\"og:title\" content=\"Aviso legal - Documenta Universitaria\" \/>\n<meta property=\"og:description\" content=\"Consulta el aviso legal de Documenta Universitaria: informaci\u00f3n legal, datos fiscales, condiciones de uso y propiedad intelectual.\" \/>\n<meta property=\"og:url\" content=\"https:\/\/documentauniversitaria.store\/es\/aviso-legal\/\" \/>\n<meta property=\"og:site_name\" content=\"Documenta Universitaria\" \/>\n<meta property=\"article:modified_time\" content=\"2025-04-24T11:07:56+00:00\" \/>\n<meta property=\"og:image\" content=\"https:\/\/documentauniversitaria.store\/wp-content\/uploads\/2024\/07\/documenta-universitaria-simbol.webp\" \/>\n\t<meta property=\"og:image:width\" content=\"247\" \/>\n\t<meta property=\"og:image:height\" content=\"247\" \/>\n\t<meta property=\"og:image:type\" content=\"image\/webp\" \/>\n<meta name=\"twitter:card\" content=\"summary_large_image\" \/>\n<meta name=\"twitter:label1\" content=\"Tiempo de lectura\" \/>\n\t<meta name=\"twitter:data1\" content=\"6 minutos\" \/>\n<script type=\"application\/ld+json\" class=\"yoast-schema-graph\">{\"@context\":\"https:\\\/\\\/schema.org\",\"@graph\":[{\"@type\":\"WebPage\",\"@id\":\"https:\\\/\\\/documentauniversitaria.store\\\/es\\\/aviso-legal\\\/\",\"url\":\"https:\\\/\\\/documentauniversitaria.store\\\/es\\\/aviso-legal\\\/\",\"name\":\"Aviso legal - Documenta Universitaria\",\"isPartOf\":{\"@id\":\"https:\\\/\\\/documentauniversitaria.store\\\/es\\\/#website\"},\"primaryImageOfPage\":{\"@id\":\"https:\\\/\\\/documentauniversitaria.store\\\/es\\\/aviso-legal\\\/#primaryimage\"},\"image\":{\"@id\":\"https:\\\/\\\/documentauniversitaria.store\\\/es\\\/aviso-legal\\\/#primaryimage\"},\"thumbnailUrl\":\"https:\\\/\\\/documentauniversitaria.store\\\/wp-content\\\/uploads\\\/2024\\\/07\\\/documenta-universitaria-simbol.webp\",\"datePublished\":\"2024-08-13T07:14:19+00:00\",\"dateModified\":\"2025-04-24T11:07:56+00:00\",\"description\":\"Consulta el aviso legal de Documenta Universitaria: informaci\u00f3n legal, datos fiscales, condiciones de uso y propiedad intelectual.\",\"breadcrumb\":{\"@id\":\"https:\\\/\\\/documentauniversitaria.store\\\/es\\\/aviso-legal\\\/#breadcrumb\"},\"inLanguage\":\"es\",\"potentialAction\":[{\"@type\":\"ReadAction\",\"target\":[\"https:\\\/\\\/documentauniversitaria.store\\\/es\\\/aviso-legal\\\/\"]}]},{\"@type\":\"ImageObject\",\"inLanguage\":\"es\",\"@id\":\"https:\\\/\\\/documentauniversitaria.store\\\/es\\\/aviso-legal\\\/#primaryimage\",\"url\":\"https:\\\/\\\/documentauniversitaria.store\\\/wp-content\\\/uploads\\\/2024\\\/07\\\/documenta-universitaria-simbol.webp\",\"contentUrl\":\"https:\\\/\\\/documentauniversitaria.store\\\/wp-content\\\/uploads\\\/2024\\\/07\\\/documenta-universitaria-simbol.webp\",\"width\":247,\"height\":247,\"caption\":\"Anagrama de la marca Documenta Universitaria\"},{\"@type\":\"BreadcrumbList\",\"@id\":\"https:\\\/\\\/documentauniversitaria.store\\\/es\\\/aviso-legal\\\/#breadcrumb\",\"itemListElement\":[{\"@type\":\"ListItem\",\"position\":1,\"name\":\"Inici\",\"item\":\"https:\\\/\\\/documentauniversitaria.store\\\/es\\\/la-editorial\\\/\"},{\"@type\":\"ListItem\",\"position\":2,\"name\":\"Aviso legal\"}]},{\"@type\":\"WebSite\",\"@id\":\"https:\\\/\\\/documentauniversitaria.store\\\/es\\\/#website\",\"url\":\"https:\\\/\\\/documentauniversitaria.store\\\/es\\\/\",\"name\":\"Documenta Universitaria\",\"description\":\"Publicaci\u00f3 de texts acad\u00e8mics\",\"publisher\":{\"@id\":\"https:\\\/\\\/documentauniversitaria.store\\\/es\\\/#organization\"},\"potentialAction\":[{\"@type\":\"SearchAction\",\"target\":{\"@type\":\"EntryPoint\",\"urlTemplate\":\"https:\\\/\\\/documentauniversitaria.store\\\/es\\\/?s={search_term_string}\"},\"query-input\":{\"@type\":\"PropertyValueSpecification\",\"valueRequired\":true,\"valueName\":\"search_term_string\"}}],\"inLanguage\":\"es\"},{\"@type\":\"Organization\",\"@id\":\"https:\\\/\\\/documentauniversitaria.store\\\/es\\\/#organization\",\"name\":\"Documenta Universitaria\",\"url\":\"https:\\\/\\\/documentauniversitaria.store\\\/es\\\/\",\"logo\":{\"@type\":\"ImageObject\",\"inLanguage\":\"es\",\"@id\":\"https:\\\/\\\/documentauniversitaria.store\\\/es\\\/#\\\/schema\\\/logo\\\/image\\\/\",\"url\":\"https:\\\/\\\/documentauniversitaria.store\\\/wp-content\\\/uploads\\\/2024\\\/08\\\/documenta-universitaria-simbol-2.webp\",\"contentUrl\":\"https:\\\/\\\/documentauniversitaria.store\\\/wp-content\\\/uploads\\\/2024\\\/08\\\/documenta-universitaria-simbol-2.webp\",\"width\":180,\"height\":180,\"caption\":\"Documenta Universitaria\"},\"image\":{\"@id\":\"https:\\\/\\\/documentauniversitaria.store\\\/es\\\/#\\\/schema\\\/logo\\\/image\\\/\"}}]}<\/script>\n<!-- \/ Yoast SEO plugin. -->","yoast_head_json":{"title":"Aviso legal - Documenta Universitaria","description":"Consulta el aviso legal de Documenta Universitaria: informaci\u00f3n legal, datos fiscales, condiciones de uso y propiedad intelectual.","robots":{"index":"index","follow":"follow","max-snippet":"max-snippet:-1","max-image-preview":"max-image-preview:large","max-video-preview":"max-video-preview:-1"},"canonical":"https:\/\/documentauniversitaria.store\/es\/aviso-legal\/","og_locale":"es_ES","og_type":"article","og_title":"Aviso legal - Documenta Universitaria","og_description":"Consulta el aviso legal de Documenta Universitaria: informaci\u00f3n legal, datos fiscales, condiciones de uso y propiedad intelectual.","og_url":"https:\/\/documentauniversitaria.store\/es\/aviso-legal\/","og_site_name":"Documenta Universitaria","article_modified_time":"2025-04-24T11:07:56+00:00","og_image":[{"width":247,"height":247,"url":"https:\/\/documentauniversitaria.store\/wp-content\/uploads\/2024\/07\/documenta-universitaria-simbol.webp","type":"image\/webp"}],"twitter_card":"summary_large_image","twitter_misc":{"Tiempo de lectura":"6 minutos"},"schema":{"@context":"https:\/\/schema.org","@graph":[{"@type":"WebPage","@id":"https:\/\/documentauniversitaria.store\/es\/aviso-legal\/","url":"https:\/\/documentauniversitaria.store\/es\/aviso-legal\/","name":"Aviso legal - Documenta Universitaria","isPartOf":{"@id":"https:\/\/documentauniversitaria.store\/es\/#website"},"primaryImageOfPage":{"@id":"https:\/\/documentauniversitaria.store\/es\/aviso-legal\/#primaryimage"},"image":{"@id":"https:\/\/documentauniversitaria.store\/es\/aviso-legal\/#primaryimage"},"thumbnailUrl":"https:\/\/documentauniversitaria.store\/wp-content\/uploads\/2024\/07\/documenta-universitaria-simbol.webp","datePublished":"2024-08-13T07:14:19+00:00","dateModified":"2025-04-24T11:07:56+00:00","description":"Consulta el aviso legal de Documenta Universitaria: informaci\u00f3n legal, datos fiscales, condiciones de uso y propiedad intelectual.","breadcrumb":{"@id":"https:\/\/documentauniversitaria.store\/es\/aviso-legal\/#breadcrumb"},"inLanguage":"es","potentialAction":[{"@type":"ReadAction","target":["https:\/\/documentauniversitaria.store\/es\/aviso-legal\/"]}]},{"@type":"ImageObject","inLanguage":"es","@id":"https:\/\/documentauniversitaria.store\/es\/aviso-legal\/#primaryimage","url":"https:\/\/documentauniversitaria.store\/wp-content\/uploads\/2024\/07\/documenta-universitaria-simbol.webp","contentUrl":"https:\/\/documentauniversitaria.store\/wp-content\/uploads\/2024\/07\/documenta-universitaria-simbol.webp","width":247,"height":247,"caption":"Anagrama de la marca Documenta Universitaria"},{"@type":"BreadcrumbList","@id":"https:\/\/documentauniversitaria.store\/es\/aviso-legal\/#breadcrumb","itemListElement":[{"@type":"ListItem","position":1,"name":"Inici","item":"https:\/\/documentauniversitaria.store\/es\/la-editorial\/"},{"@type":"ListItem","position":2,"name":"Aviso legal"}]},{"@type":"WebSite","@id":"https:\/\/documentauniversitaria.store\/es\/#website","url":"https:\/\/documentauniversitaria.store\/es\/","name":"Documenta Universitaria","description":"Publicaci\u00f3 de texts acad\u00e8mics","publisher":{"@id":"https:\/\/documentauniversitaria.store\/es\/#organization"},"potentialAction":[{"@type":"SearchAction","target":{"@type":"EntryPoint","urlTemplate":"https:\/\/documentauniversitaria.store\/es\/?s={search_term_string}"},"query-input":{"@type":"PropertyValueSpecification","valueRequired":true,"valueName":"search_term_string"}}],"inLanguage":"es"},{"@type":"Organization","@id":"https:\/\/documentauniversitaria.store\/es\/#organization","name":"Documenta Universitaria","url":"https:\/\/documentauniversitaria.store\/es\/","logo":{"@type":"ImageObject","inLanguage":"es","@id":"https:\/\/documentauniversitaria.store\/es\/#\/schema\/logo\/image\/","url":"https:\/\/documentauniversitaria.store\/wp-content\/uploads\/2024\/08\/documenta-universitaria-simbol-2.webp","contentUrl":"https:\/\/documentauniversitaria.store\/wp-content\/uploads\/2024\/08\/documenta-universitaria-simbol-2.webp","width":180,"height":180,"caption":"Documenta Universitaria"},"image":{"@id":"https:\/\/documentauniversitaria.store\/es\/#\/schema\/logo\/image\/"}}]}},"_links":{"self":[{"href":"https:\/\/documentauniversitaria.store\/es\/wp-json\/wp\/v2\/pages\/13553","targetHints":{"allow":["GET"]}}],"collection":[{"href":"https:\/\/documentauniversitaria.store\/es\/wp-json\/wp\/v2\/pages"}],"about":[{"href":"https:\/\/documentauniversitaria.store\/es\/wp-json\/wp\/v2\/types\/page"}],"author":[{"embeddable":true,"href":"https:\/\/documentauniversitaria.store\/es\/wp-json\/wp\/v2\/users\/1"}],"replies":[{"embeddable":true,"href":"https:\/\/documentauniversitaria.store\/es\/wp-json\/wp\/v2\/comments?post=13553"}],"version-history":[{"count":2,"href":"https:\/\/documentauniversitaria.store\/es\/wp-json\/wp\/v2\/pages\/13553\/revisions"}],"predecessor-version":[{"id":15200,"href":"https:\/\/documentauniversitaria.store\/es\/wp-json\/wp\/v2\/pages\/13553\/revisions\/15200"}],"wp:featuredmedia":[{"embeddable":true,"href":"https:\/\/documentauniversitaria.store\/es\/wp-json\/wp\/v2\/media\/48"}],"wp:attachment":[{"href":"https:\/\/documentauniversitaria.store\/es\/wp-json\/wp\/v2\/media?parent=13553"}],"curies":[{"name":"wp","href":"https:\/\/api.w.org\/{rel}","templated":true}]}}