{"id":13717,"date":"2024-08-14T13:22:52","date_gmt":"2024-08-14T11:22:52","guid":{"rendered":"https:\/\/documentauniversitaria.store\/producte\/un-abogado-del-segle-iii-a-la-statio-romana-de-mas-guso-en-el-territorium-dempuries-copia\/"},"modified":"2024-08-14T13:22:52","modified_gmt":"2024-08-14T11:22:52","slug":"un-abogado-del-segle-iii-a-la-statio-romana-de-mas-guso-en-el-territorium-dempuries-copia","status":"publish","type":"product","link":"https:\/\/documentauniversitaria.store\/es\/producte\/un-abogado-del-segle-iii-a-la-statio-romana-de-mas-guso-en-el-territorium-dempuries-copia\/","title":{"rendered":"Un abogado del segle III a la \u201cstatio\u201d romana de Mas Gus\u00f3, en el \u201cterritorium\u201d d\u2019Emp\u00faries (C\u00f2pia)"},"content":{"rendered":"<p>Mas Gus\u00f3 \u00e9s un jaciment petit, per\u00f2 de primera categoria gr\u00e0cies a la seva llarga ocupaci\u00f3, tot i que hi ha alguns per\u00edodes que no queden prou ben documentats a causa de la destrucci\u00f3 que les successives ocupacions van provocar en les restes precedents. No obstant aix\u00f2, en el decurs de les catorze campanyes d\u2019excavaci\u00f3 s\u2019ha pogut mostrar que des de la fi del tercer mil\u00b7lenni abans de la nostra era fins a les darreries del segle iii pr\u00e0cticament no hi ha un per\u00edode hist\u00f2ric en el qual no hi hagu\u00e9s algun tipus d\u2019assentament, de vegades, certament, molt modest. <\/p>\n","protected":false},"excerpt":{"rendered":"<p>Mas Gus\u00f3 \u00e9s un jaciment petit, per\u00f2 de primera categoria gr\u00e0cies a la seva llarga ocupaci\u00f3, tot i que hi ha alguns per\u00edodes que no queden prou ben documentats a causa de la destrucci\u00f3 que les successives ocupacions van provocar en les restes precedents. No obstant aix\u00f2, en el decurs de les catorze campanyes d\u2019excavaci\u00f3 [&hellip;]<\/p>\n","protected":false},"featured_media":12715,"comment_status":"closed","ping_status":"closed","template":"","format":[193,191,192],"meta":[],"product_brand":[],"product_cat":[195],"product_tag":[],"idioma":[194],"colleccio":[190,189,188],"tematica":[196],"autor":[186,187],"class_list":{"0":"post-13717","1":"product","2":"type-product","3":"status-publish","4":"has-post-thumbnail","6":"product_cat-sin-categoria","7":"idioma-catalan","8":"format-epub-es","9":"format-papel","10":"format-pdf-es","11":"colleccio-estudios-arqueologicos","12":"colleccio-historia-antigua-y-prehistoria-de-la-universitat-de-girona","13":"colleccio-publicaciones-del-laboratorio-de-arqueologia","14":"tematica-s-xxi-es","15":"autor-soler-fuste-es","16":"autor-victoria-es","18":"first","19":"instock","20":"taxable","21":"shipping-taxable","22":"purchasable","23":"product-type-variable"},"yoast_head":"<!-- This site is optimized with the Yoast SEO plugin v27.5 - https:\/\/yoast.com\/product\/yoast-seo-wordpress\/ -->\n<title>Un abogado del segle III a la \u201cstatio\u201d romana de Mas Gus\u00f3, en el \u201cterritorium\u201d d\u2019Emp\u00faries (C\u00f2pia) - Documenta Universitaria<\/title>\n<meta name=\"robots\" content=\"index, follow, max-snippet:-1, max-image-preview:large, max-video-preview:-1\" \/>\n<link rel=\"canonical\" href=\"https:\/\/documentauniversitaria.store\/es\/producte\/un-abogado-del-segle-iii-a-la-statio-romana-de-mas-guso-en-el-territorium-dempuries-copia\/\" \/>\n<meta property=\"og:locale\" content=\"es_ES\" \/>\n<meta property=\"og:type\" content=\"article\" \/>\n<meta property=\"og:title\" content=\"Un abogado del segle III a la \u201cstatio\u201d romana de Mas Gus\u00f3, en el \u201cterritorium\u201d d\u2019Emp\u00faries (C\u00f2pia) - Documenta Universitaria\" \/>\n<meta property=\"og:description\" content=\"Mas Gus\u00f3 \u00e9s un jaciment petit, per\u00f2 de primera categoria gr\u00e0cies a la seva llarga ocupaci\u00f3, tot i que hi ha alguns per\u00edodes que no queden prou ben documentats a causa de la destrucci\u00f3 que les successives ocupacions van provocar en les restes precedents. No obstant aix\u00f2, en el decurs de les catorze campanyes d\u2019excavaci\u00f3 [&hellip;]\" \/>\n<meta property=\"og:url\" content=\"https:\/\/documentauniversitaria.store\/es\/producte\/un-abogado-del-segle-iii-a-la-statio-romana-de-mas-guso-en-el-territorium-dempuries-copia\/\" \/>\n<meta property=\"og:site_name\" content=\"Documenta Universitaria\" \/>\n<meta property=\"og:image\" content=\"https:\/\/documentauniversitaria.store\/wp-content\/uploads\/2024\/08\/mostra.jpg\" \/>\n\t<meta property=\"og:image:width\" content=\"310\" \/>\n\t<meta property=\"og:image:height\" content=\"440\" \/>\n\t<meta property=\"og:image:type\" content=\"image\/jpeg\" \/>\n<meta name=\"twitter:card\" content=\"summary_large_image\" \/>\n<meta name=\"twitter:label1\" content=\"Tiempo de lectura\" \/>\n\t<meta name=\"twitter:data1\" content=\"1 minuto\" \/>\n<script type=\"application\/ld+json\" class=\"yoast-schema-graph\">{\"@context\":\"https:\\\/\\\/schema.org\",\"@graph\":[{\"@type\":\"WebPage\",\"@id\":\"https:\\\/\\\/documentauniversitaria.store\\\/es\\\/producte\\\/un-abogado-del-segle-iii-a-la-statio-romana-de-mas-guso-en-el-territorium-dempuries-copia\\\/\",\"url\":\"https:\\\/\\\/documentauniversitaria.store\\\/es\\\/producte\\\/un-abogado-del-segle-iii-a-la-statio-romana-de-mas-guso-en-el-territorium-dempuries-copia\\\/\",\"name\":\"Un abogado del segle III a la \u201cstatio\u201d romana de Mas Gus\u00f3, en el \u201cterritorium\u201d d\u2019Emp\u00faries (C\u00f2pia) - Documenta Universitaria\",\"isPartOf\":{\"@id\":\"https:\\\/\\\/documentauniversitaria.store\\\/es\\\/#website\"},\"primaryImageOfPage\":{\"@id\":\"https:\\\/\\\/documentauniversitaria.store\\\/es\\\/producte\\\/un-abogado-del-segle-iii-a-la-statio-romana-de-mas-guso-en-el-territorium-dempuries-copia\\\/#primaryimage\"},\"image\":{\"@id\":\"https:\\\/\\\/documentauniversitaria.store\\\/es\\\/producte\\\/un-abogado-del-segle-iii-a-la-statio-romana-de-mas-guso-en-el-territorium-dempuries-copia\\\/#primaryimage\"},\"thumbnailUrl\":\"https:\\\/\\\/documentauniversitaria.store\\\/wp-content\\\/uploads\\\/2024\\\/08\\\/mostra.jpg\",\"datePublished\":\"2024-08-14T11:22:52+00:00\",\"breadcrumb\":{\"@id\":\"https:\\\/\\\/documentauniversitaria.store\\\/es\\\/producte\\\/un-abogado-del-segle-iii-a-la-statio-romana-de-mas-guso-en-el-territorium-dempuries-copia\\\/#breadcrumb\"},\"inLanguage\":\"es\",\"potentialAction\":[{\"@type\":\"ReadAction\",\"target\":[\"https:\\\/\\\/documentauniversitaria.store\\\/es\\\/producte\\\/un-abogado-del-segle-iii-a-la-statio-romana-de-mas-guso-en-el-territorium-dempuries-copia\\\/\"]}]},{\"@type\":\"ImageObject\",\"inLanguage\":\"es\",\"@id\":\"https:\\\/\\\/documentauniversitaria.store\\\/es\\\/producte\\\/un-abogado-del-segle-iii-a-la-statio-romana-de-mas-guso-en-el-territorium-dempuries-copia\\\/#primaryimage\",\"url\":\"https:\\\/\\\/documentauniversitaria.store\\\/wp-content\\\/uploads\\\/2024\\\/08\\\/mostra.jpg\",\"contentUrl\":\"https:\\\/\\\/documentauniversitaria.store\\\/wp-content\\\/uploads\\\/2024\\\/08\\\/mostra.jpg\",\"width\":310,\"height\":440,\"caption\":\"Portada del llibre Un abocador del segle III a la \u201cstatio\u201d romana de Mas Gus\u00f3, en el \u201cterritorium\u201d d\u2019Emp\u00fariesde l'autora\"},{\"@type\":\"BreadcrumbList\",\"@id\":\"https:\\\/\\\/documentauniversitaria.store\\\/es\\\/producte\\\/un-abogado-del-segle-iii-a-la-statio-romana-de-mas-guso-en-el-territorium-dempuries-copia\\\/#breadcrumb\",\"itemListElement\":[{\"@type\":\"ListItem\",\"position\":1,\"name\":\"Inici\",\"item\":\"https:\\\/\\\/documentauniversitaria.store\\\/es\\\/la-editorial\\\/\"},{\"@type\":\"ListItem\",\"position\":2,\"name\":\"Tienda\",\"item\":\"https:\\\/\\\/documentauniversitaria.store\\\/es\\\/tienda\\\/\"},{\"@type\":\"ListItem\",\"position\":3,\"name\":\"Un abogado del segle III a la \u201cstatio\u201d romana de Mas Gus\u00f3, en el \u201cterritorium\u201d d\u2019Emp\u00faries (C\u00f2pia)\"}]},{\"@type\":\"WebSite\",\"@id\":\"https:\\\/\\\/documentauniversitaria.store\\\/es\\\/#website\",\"url\":\"https:\\\/\\\/documentauniversitaria.store\\\/es\\\/\",\"name\":\"Documenta Universitaria\",\"description\":\"Publicaci\u00f3 de texts acad\u00e8mics\",\"publisher\":{\"@id\":\"https:\\\/\\\/documentauniversitaria.store\\\/es\\\/#organization\"},\"potentialAction\":[{\"@type\":\"SearchAction\",\"target\":{\"@type\":\"EntryPoint\",\"urlTemplate\":\"https:\\\/\\\/documentauniversitaria.store\\\/es\\\/?s={search_term_string}\"},\"query-input\":{\"@type\":\"PropertyValueSpecification\",\"valueRequired\":true,\"valueName\":\"search_term_string\"}}],\"inLanguage\":\"es\"},{\"@type\":\"Organization\",\"@id\":\"https:\\\/\\\/documentauniversitaria.store\\\/es\\\/#organization\",\"name\":\"Documenta Universitaria\",\"url\":\"https:\\\/\\\/documentauniversitaria.store\\\/es\\\/\",\"logo\":{\"@type\":\"ImageObject\",\"inLanguage\":\"es\",\"@id\":\"https:\\\/\\\/documentauniversitaria.store\\\/es\\\/#\\\/schema\\\/logo\\\/image\\\/\",\"url\":\"https:\\\/\\\/documentauniversitaria.store\\\/wp-content\\\/uploads\\\/2024\\\/08\\\/documenta-universitaria-simbol-2.webp\",\"contentUrl\":\"https:\\\/\\\/documentauniversitaria.store\\\/wp-content\\\/uploads\\\/2024\\\/08\\\/documenta-universitaria-simbol-2.webp\",\"width\":180,\"height\":180,\"caption\":\"Documenta Universitaria\"},\"image\":{\"@id\":\"https:\\\/\\\/documentauniversitaria.store\\\/es\\\/#\\\/schema\\\/logo\\\/image\\\/\"}}]}<\/script>\n<!-- \/ Yoast SEO plugin. -->","yoast_head_json":{"title":"Un abogado del segle III a la \u201cstatio\u201d romana de Mas Gus\u00f3, en el \u201cterritorium\u201d d\u2019Emp\u00faries (C\u00f2pia) - Documenta Universitaria","robots":{"index":"index","follow":"follow","max-snippet":"max-snippet:-1","max-image-preview":"max-image-preview:large","max-video-preview":"max-video-preview:-1"},"canonical":"https:\/\/documentauniversitaria.store\/es\/producte\/un-abogado-del-segle-iii-a-la-statio-romana-de-mas-guso-en-el-territorium-dempuries-copia\/","og_locale":"es_ES","og_type":"article","og_title":"Un abogado del segle III a la \u201cstatio\u201d romana de Mas Gus\u00f3, en el \u201cterritorium\u201d d\u2019Emp\u00faries (C\u00f2pia) - Documenta Universitaria","og_description":"Mas Gus\u00f3 \u00e9s un jaciment petit, per\u00f2 de primera categoria gr\u00e0cies a la seva llarga ocupaci\u00f3, tot i que hi ha alguns per\u00edodes que no queden prou ben documentats a causa de la destrucci\u00f3 que les successives ocupacions van provocar en les restes precedents. No obstant aix\u00f2, en el decurs de les catorze campanyes d\u2019excavaci\u00f3 [&hellip;]","og_url":"https:\/\/documentauniversitaria.store\/es\/producte\/un-abogado-del-segle-iii-a-la-statio-romana-de-mas-guso-en-el-territorium-dempuries-copia\/","og_site_name":"Documenta Universitaria","og_image":[{"width":310,"height":440,"url":"https:\/\/documentauniversitaria.store\/wp-content\/uploads\/2024\/08\/mostra.jpg","type":"image\/jpeg"}],"twitter_card":"summary_large_image","twitter_misc":{"Tiempo de lectura":"1 minuto"},"schema":{"@context":"https:\/\/schema.org","@graph":[{"@type":"WebPage","@id":"https:\/\/documentauniversitaria.store\/es\/producte\/un-abogado-del-segle-iii-a-la-statio-romana-de-mas-guso-en-el-territorium-dempuries-copia\/","url":"https:\/\/documentauniversitaria.store\/es\/producte\/un-abogado-del-segle-iii-a-la-statio-romana-de-mas-guso-en-el-territorium-dempuries-copia\/","name":"Un abogado del segle III a la \u201cstatio\u201d romana de Mas Gus\u00f3, en el \u201cterritorium\u201d d\u2019Emp\u00faries (C\u00f2pia) - Documenta Universitaria","isPartOf":{"@id":"https:\/\/documentauniversitaria.store\/es\/#website"},"primaryImageOfPage":{"@id":"https:\/\/documentauniversitaria.store\/es\/producte\/un-abogado-del-segle-iii-a-la-statio-romana-de-mas-guso-en-el-territorium-dempuries-copia\/#primaryimage"},"image":{"@id":"https:\/\/documentauniversitaria.store\/es\/producte\/un-abogado-del-segle-iii-a-la-statio-romana-de-mas-guso-en-el-territorium-dempuries-copia\/#primaryimage"},"thumbnailUrl":"https:\/\/documentauniversitaria.store\/wp-content\/uploads\/2024\/08\/mostra.jpg","datePublished":"2024-08-14T11:22:52+00:00","breadcrumb":{"@id":"https:\/\/documentauniversitaria.store\/es\/producte\/un-abogado-del-segle-iii-a-la-statio-romana-de-mas-guso-en-el-territorium-dempuries-copia\/#breadcrumb"},"inLanguage":"es","potentialAction":[{"@type":"ReadAction","target":["https:\/\/documentauniversitaria.store\/es\/producte\/un-abogado-del-segle-iii-a-la-statio-romana-de-mas-guso-en-el-territorium-dempuries-copia\/"]}]},{"@type":"ImageObject","inLanguage":"es","@id":"https:\/\/documentauniversitaria.store\/es\/producte\/un-abogado-del-segle-iii-a-la-statio-romana-de-mas-guso-en-el-territorium-dempuries-copia\/#primaryimage","url":"https:\/\/documentauniversitaria.store\/wp-content\/uploads\/2024\/08\/mostra.jpg","contentUrl":"https:\/\/documentauniversitaria.store\/wp-content\/uploads\/2024\/08\/mostra.jpg","width":310,"height":440,"caption":"Portada del llibre Un abocador del segle III a la \u201cstatio\u201d romana de Mas Gus\u00f3, en el \u201cterritorium\u201d d\u2019Emp\u00fariesde l'autora"},{"@type":"BreadcrumbList","@id":"https:\/\/documentauniversitaria.store\/es\/producte\/un-abogado-del-segle-iii-a-la-statio-romana-de-mas-guso-en-el-territorium-dempuries-copia\/#breadcrumb","itemListElement":[{"@type":"ListItem","position":1,"name":"Inici","item":"https:\/\/documentauniversitaria.store\/es\/la-editorial\/"},{"@type":"ListItem","position":2,"name":"Tienda","item":"https:\/\/documentauniversitaria.store\/es\/tienda\/"},{"@type":"ListItem","position":3,"name":"Un abogado del segle III a la \u201cstatio\u201d romana de Mas Gus\u00f3, en el \u201cterritorium\u201d d\u2019Emp\u00faries (C\u00f2pia)"}]},{"@type":"WebSite","@id":"https:\/\/documentauniversitaria.store\/es\/#website","url":"https:\/\/documentauniversitaria.store\/es\/","name":"Documenta Universitaria","description":"Publicaci\u00f3 de texts acad\u00e8mics","publisher":{"@id":"https:\/\/documentauniversitaria.store\/es\/#organization"},"potentialAction":[{"@type":"SearchAction","target":{"@type":"EntryPoint","urlTemplate":"https:\/\/documentauniversitaria.store\/es\/?s={search_term_string}"},"query-input":{"@type":"PropertyValueSpecification","valueRequired":true,"valueName":"search_term_string"}}],"inLanguage":"es"},{"@type":"Organization","@id":"https:\/\/documentauniversitaria.store\/es\/#organization","name":"Documenta Universitaria","url":"https:\/\/documentauniversitaria.store\/es\/","logo":{"@type":"ImageObject","inLanguage":"es","@id":"https:\/\/documentauniversitaria.store\/es\/#\/schema\/logo\/image\/","url":"https:\/\/documentauniversitaria.store\/wp-content\/uploads\/2024\/08\/documenta-universitaria-simbol-2.webp","contentUrl":"https:\/\/documentauniversitaria.store\/wp-content\/uploads\/2024\/08\/documenta-universitaria-simbol-2.webp","width":180,"height":180,"caption":"Documenta Universitaria"},"image":{"@id":"https:\/\/documentauniversitaria.store\/es\/#\/schema\/logo\/image\/"}}]}},"_links":{"self":[{"href":"https:\/\/documentauniversitaria.store\/es\/wp-json\/wp\/v2\/product\/13717","targetHints":{"allow":["GET"]}}],"collection":[{"href":"https:\/\/documentauniversitaria.store\/es\/wp-json\/wp\/v2\/product"}],"about":[{"href":"https:\/\/documentauniversitaria.store\/es\/wp-json\/wp\/v2\/types\/product"}],"replies":[{"embeddable":true,"href":"https:\/\/documentauniversitaria.store\/es\/wp-json\/wp\/v2\/comments?post=13717"}],"wp:featuredmedia":[{"embeddable":true,"href":"https:\/\/documentauniversitaria.store\/es\/wp-json\/wp\/v2\/media\/12715"}],"wp:attachment":[{"href":"https:\/\/documentauniversitaria.store\/es\/wp-json\/wp\/v2\/media?parent=13717"}],"wp:term":[{"taxonomy":"product_brand","embeddable":true,"href":"https:\/\/documentauniversitaria.store\/es\/wp-json\/wp\/v2\/product_brand?post=13717"},{"taxonomy":"product_cat","embeddable":true,"href":"https:\/\/documentauniversitaria.store\/es\/wp-json\/wp\/v2\/product_cat?post=13717"},{"taxonomy":"product_tag","embeddable":true,"href":"https:\/\/documentauniversitaria.store\/es\/wp-json\/wp\/v2\/product_tag?post=13717"},{"taxonomy":"idioma","embeddable":true,"href":"https:\/\/documentauniversitaria.store\/es\/wp-json\/wp\/v2\/idioma?post=13717"},{"taxonomy":"format","embeddable":true,"href":"https:\/\/documentauniversitaria.store\/es\/wp-json\/wp\/v2\/format?post=13717"},{"taxonomy":"colleccio","embeddable":true,"href":"https:\/\/documentauniversitaria.store\/es\/wp-json\/wp\/v2\/colleccio?post=13717"},{"taxonomy":"tematica","embeddable":true,"href":"https:\/\/documentauniversitaria.store\/es\/wp-json\/wp\/v2\/tematica?post=13717"},{"taxonomy":"autor","embeddable":true,"href":"https:\/\/documentauniversitaria.store\/es\/wp-json\/wp\/v2\/autor?post=13717"}],"curies":[{"name":"wp","href":"https:\/\/api.w.org\/{rel}","templated":true}]}}